{"id":7402,"date":"2026-01-16T12:19:11","date_gmt":"2026-01-16T17:19:11","guid":{"rendered":"https:\/\/dev-learning-centre-ccdf.pantheonsite.io\/career-development-manager-leader-competency-framework\/"},"modified":"2026-04-02T16:31:38","modified_gmt":"2026-04-02T20:31:38","slug":"cadre-de-competences-des-gestionnaires-en-developpement-de-carriere","status":"publish","type":"page","link":"https:\/\/learningcentre.ccdf.ca\/fr\/cadre-de-competences-des-gestionnaires-en-developpement-de-carriere\/","title":{"rendered":"Cadre de comp\u00e9tences des gestionnaires en d\u00e9veloppement de carri\u00e8re"},"content":{"rendered":"\t\t<div data-elementor-type=\"wp-page\" data-elementor-id=\"7402\" class=\"elementor elementor-7402 elementor-6990\" data-elementor-post-type=\"page\">\n\t\t\t\t<div class=\"elementor-element elementor-element-c7434d8 e-flex e-con-boxed e-con e-parent\" data-id=\"c7434d8\" data-element_type=\"container\" data-e-type=\"container\">\n\t\t\t\t\t<div class=\"e-con-inner\">\n\t\t\t\t<div class=\"elementor-element elementor-element-2d58344 elementor-widget elementor-widget-heading\" data-id=\"2d58344\" data-element_type=\"widget\" data-e-type=\"widget\" data-widget_type=\"heading.default\">\n\t\t\t\t<div class=\"elementor-widget-container\">\n\t\t\t\t\t<h1 class=\"elementor-heading-title elementor-size-default\">Cadre de comp\u00e9tences des gestionnaires en d\u00e9veloppement de carri\u00e8re<\/h1>\t\t\t\t<\/div>\n\t\t\t\t<\/div>\n\t\t\t\t<div class=\"elementor-element elementor-element-78f6f4f elementor-widget elementor-widget-text-editor\" data-id=\"78f6f4f\" data-element_type=\"widget\" data-e-type=\"widget\" data-widget_type=\"text-editor.default\">\n\t\t\t\t<div class=\"elementor-widget-container\">\n\t\t\t\t\t\t\t\t\t<p>Les gestionnaires ou responsables \u0153uvrant en d\u00e9veloppement de carri\u00e8re reconnaissent que l\u2019impact du secteur d\u00e9passe le niveau individuel, pour englober les familles, les communaut\u00e9s et l\u2019\u00e9conomie dans son ensemble. Ces personnes excellent dans le mentorat et le coaching du personnel, pour les aider \u00e0 d\u00e9velopper leurs comp\u00e9tences et \u00e0 progresser dans leur propre carri\u00e8re, tout en s\u2019engageant \u00e0 am\u00e9liorer continuellement les programmes et les ressources. Une <span style=\"font-weight: 400;\">\u00e9tude cartographique du secteur men\u00e9e en <a href=\"https:\/\/learningcentre.ccdf.ca\/wp-content\/uploads\/2026\/03\/Rapport_Etude-cartographique-sur-les-gestionnaires.pdf\" target=\"_blank\" rel=\"noopener\">2024 a conduit \u00e0 l\u2019\u00e9laboration<\/a> du Cadre de comp\u00e9tences des gestionnaires en d\u00e9veloppement de carri\u00e8re, qui d\u00e9finit les comp\u00e9tences n\u00e9cessaires pour \u00eatre un\u00b7e gestionnaire ou leader efficace dans ce domaine. Ce cadre vise \u00e0 guider et \u00e0 outiller les personnes qui occupent actuellement ou aspirent \u00e0 occuper un poste de gestion dans leur parcours professionnel. Il a \u00e9t\u00e9 \u00e9labor\u00e9 par une \u00e9quipe de sp\u00e9cialistes en d\u00e9veloppement de carri\u00e8re, en s\u2019appuyant sur des cadres de comp\u00e9tences existants et pertinents.<\/span><\/p><p>Pour en savoir plus\u00a0:<\/p>\t\t\t\t\t\t\t\t<\/div>\n\t\t\t\t<\/div>\n\t\t\t\t<div class=\"elementor-element elementor-element-8ab9ec1 elementor-widget elementor-widget-heading\" data-id=\"8ab9ec1\" data-element_type=\"widget\" data-e-type=\"widget\" data-widget_type=\"heading.default\">\n\t\t\t\t<div class=\"elementor-widget-container\">\n\t\t\t\t\t<h2 class=\"elementor-heading-title elementor-size-default\">Structure du Cadre de comp\u00e9tences<\/h2>\t\t\t\t<\/div>\n\t\t\t\t<\/div>\n\t\t\t\t<div class=\"elementor-element elementor-element-cf69b02 elementor-widget elementor-widget-text-editor\" data-id=\"cf69b02\" data-element_type=\"widget\" data-e-type=\"widget\" data-widget_type=\"text-editor.default\">\n\t\t\t\t<div class=\"elementor-widget-container\">\n\t\t\t\t\t\t\t\t\t<p><span style=\"font-weight: 400;\">Le r\u00f4le de gestionnaire dans le secteur du d\u00e9veloppement de carri\u00e8re est complexe et mobilise un vaste \u00e9ventail de comp\u00e9tences qui se combinent et se recombinent de multiples fa\u00e7ons. Le mod\u00e8le en quatre volets pr\u00e9sent\u00e9 ci-dessous permet de sch\u00e9matiser l\u2019ensemble des comp\u00e9tences de gestion incluses dans le cadre. Ce mod\u00e8le reconna\u00eet que le ou la gestionnaire doit regarder vers l\u2019avenir, tout en assurant l\u2019efficacit\u00e9 organisationnelle dans le pr\u00e9sent. Il souligne \u00e9galement que cette personne doit interagir autant avec les parties prenantes externes qu\u2019avec les membres de son \u00e9quipe, y compris elle-m\u00eame.<\/span><\/p>\t\t\t\t\t\t\t\t<\/div>\n\t\t\t\t<\/div>\n\t\t\t\t<div class=\"elementor-element elementor-element-92166a6 elementor-widget elementor-widget-image\" data-id=\"92166a6\" data-element_type=\"widget\" data-e-type=\"widget\" data-widget_type=\"image.default\">\n\t\t\t\t<div class=\"elementor-widget-container\">\n\t\t\t\t\t\t\t\t\t\t\t\t\t\t\t<img fetchpriority=\"high\" decoding=\"async\" width=\"800\" height=\"800\" src=\"https:\/\/learningcentre.ccdf.ca\/wp-content\/uploads\/2026\/02\/Manager_leader_5-1024x1024.webp\" class=\"attachment-large size-large wp-image-8684\" alt=\"\" srcset=\"https:\/\/learningcentre.ccdf.ca\/wp-content\/uploads\/2026\/02\/Manager_leader_5-1024x1024.webp 1024w, https:\/\/learningcentre.ccdf.ca\/wp-content\/uploads\/2026\/02\/Manager_leader_5-300x300.webp 300w, https:\/\/learningcentre.ccdf.ca\/wp-content\/uploads\/2026\/02\/Manager_leader_5-150x150.webp 150w, https:\/\/learningcentre.ccdf.ca\/wp-content\/uploads\/2026\/02\/Manager_leader_5-768x769.webp 768w, https:\/\/learningcentre.ccdf.ca\/wp-content\/uploads\/2026\/02\/Manager_leader_5-600x601.webp 600w, https:\/\/learningcentre.ccdf.ca\/wp-content\/uploads\/2026\/02\/Manager_leader_5-100x100.webp 100w, https:\/\/learningcentre.ccdf.ca\/wp-content\/uploads\/2026\/02\/Manager_leader_5.webp 1434w\" sizes=\"(max-width: 800px) 100vw, 800px\" \/>\t\t\t\t\t\t\t\t\t\t\t\t\t\t\t<\/div>\n\t\t\t\t<\/div>\n\t\t\t\t<div class=\"elementor-element elementor-element-7bd3b0f elementor-widget elementor-widget-text-editor\" data-id=\"7bd3b0f\" data-element_type=\"widget\" data-e-type=\"widget\" data-widget_type=\"text-editor.default\">\n\t\t\t\t<div class=\"elementor-widget-container\">\n\t\t\t\t\t\t\t\t\t<p><span style=\"font-weight: 400;\">La section suivante d\u00e9crit la structure compl\u00e8te et les diff\u00e9rentes composantes du cadre de comp\u00e9tences. Pour acc\u00e9der directement au cadre, cliquez\u00a0<\/span><a href=\"\/fr\/manager-leader-competency-framework\/\"><span style=\"font-weight: 400;\">ici<\/span><\/a><span style=\"font-weight: 400;\">.<\/span><\/p>\t\t\t\t\t\t\t\t<\/div>\n\t\t\t\t<\/div>\n\t\t\t\t<div class=\"elementor-element elementor-element-e19bd0c elementor-widget elementor-widget-heading\" data-id=\"e19bd0c\" data-element_type=\"widget\" data-e-type=\"widget\" data-widget_type=\"heading.default\">\n\t\t\t\t<div class=\"elementor-widget-container\">\n\t\t\t\t\t<h2 class=\"elementor-heading-title elementor-size-default\">Domaines de comp\u00e9tences<\/h2>\t\t\t\t<\/div>\n\t\t\t\t<\/div>\n\t\t\t\t<div class=\"elementor-element elementor-element-01fdfee bullet-spacing elementor-widget elementor-widget-text-editor\" data-id=\"01fdfee\" data-element_type=\"widget\" data-e-type=\"widget\" data-widget_type=\"text-editor.default\">\n\t\t\t\t<div class=\"elementor-widget-container\">\n\t\t\t\t\t\t\t\t\t<p><span style=\"font-weight: 400;\">Le cadre regroupe les comp\u00e9tences individuelles en <\/span><b>quatre grands domaines de comp\u00e9tences<\/b><span style=\"font-weight: 400;\"> : \u00e9laborer une vision et une strat\u00e9gie, assurer l\u2019efficacit\u00e9 organisationnelle, mobiliser les parties prenantes et exercer un leadership personnel et collectif. Ces domaines repr\u00e9sentent les capacit\u00e9s essentielles \u00e0 la r\u00e9ussite des gestionnaires, tout en reconnaissant que ces sph\u00e8res se chevauchent et s\u2019enrichissent mutuellement.<\/span><\/p><p><span style=\"font-weight: 400;\">Les gestionnaires capables <\/span><b>d\u2019\u00e9laborer une vision et une strat\u00e9gie<\/b><span style=\"font-weight: 400;\"> vont :<\/span><\/p><ul><li style=\"font-weight: 400;\" aria-level=\"1\"><span style=\"font-weight: 400;\">Donner une direction et un sens dans des contextes incertains;<\/span><\/li><li style=\"font-weight: 400;\" aria-level=\"1\"><span style=\"font-weight: 400;\">Aligner les \u00e9quipes sur des objectifs \u00e0 long terme;<\/span><\/li><li style=\"font-weight: 400;\" aria-level=\"1\"><span style=\"font-weight: 400;\">Prioriser les initiatives et allouer les ressources de mani\u00e8re judicieuse;<\/span><\/li><li style=\"font-weight: 400;\" aria-level=\"1\"><span style=\"font-weight: 400;\">S\u2019adapter aux changements sans perdre de vue les priorit\u00e9s;<\/span><\/li><li style=\"font-weight: 400;\" aria-level=\"1\"><span style=\"font-weight: 400;\">Favoriser l\u2019innovation, l\u2019engagement et la r\u00e9silience.<\/span><\/li><\/ul><p><span style=\"font-weight: 400;\">Ceux et celles qui <\/span><b>assurent l\u2019efficacit\u00e9 organisationnelle<\/b><span style=\"font-weight: 400;\"> veillent \u00e0 :<\/span><\/p><ul><li style=\"font-weight: 400;\" aria-level=\"1\"><span style=\"font-weight: 400;\">Maintenir une coh\u00e9rence entre la strat\u00e9gie et les op\u00e9rations quotidiennes;<\/span><\/li><li style=\"font-weight: 400;\" aria-level=\"1\"><span style=\"font-weight: 400;\">Fonder leurs d\u00e9cisions sur des donn\u00e9es probantes;<\/span><\/li><li style=\"font-weight: 400;\" aria-level=\"1\"><span style=\"font-weight: 400;\">Instaurer une culture ax\u00e9e sur la performance;<\/span><\/li><li style=\"font-weight: 400;\" aria-level=\"1\"><span style=\"font-weight: 400;\">Encourager l\u2019am\u00e9lioration continue et l\u2019innovation;<\/span><\/li><li style=\"font-weight: 400;\" aria-level=\"1\"><span style=\"font-weight: 400;\">Mobiliser et faire progresser les \u00e9quipes.<\/span><\/li><\/ul><p><span style=\"font-weight: 400;\">Les gestionnaires qui <\/span><b>mobilisent les diff\u00e9rentes parties prenantes<\/b><span style=\"font-weight: 400;\"> \u2014 qu\u2019il s\u2019agisse de leurs sup\u00e9rieur\u00b7es, d\u2019autres gestionnaires, de bailleurs de fonds ou des client\u00e8les \u2014 contribuent \u00e0 :<\/span><\/p><ul><li style=\"font-weight: 400;\" aria-level=\"1\"><span style=\"font-weight: 400;\">B\u00e2tir la confiance et la l\u00e9gitimit\u00e9;<\/span><\/li><li style=\"font-weight: 400;\" aria-level=\"1\"><span style=\"font-weight: 400;\">Am\u00e9liorer la qualit\u00e9 des d\u00e9cisions;<\/span><\/li><li style=\"font-weight: 400;\" aria-level=\"1\"><span style=\"font-weight: 400;\">R\u00e9duire la r\u00e9sistance au changement;<\/span><\/li><li style=\"font-weight: 400;\" aria-level=\"1\"><span style=\"font-weight: 400;\">Stimuler l\u2019innovation et le sentiment de responsabilit\u00e9 partag\u00e9e;<\/span><\/li><li style=\"font-weight: 400;\" aria-level=\"1\"><span style=\"font-weight: 400;\">Veiller \u00e0 ce que les actions de l\u2019organisation refl\u00e8tent la diversit\u00e9 des besoins et des r\u00e9alit\u00e9s des client\u00e8les.<\/span><\/li><\/ul><p><span style=\"font-weight: 400;\">Enfin, <\/span><b>exercer un leadership personnel et collectif<\/b><span style=\"font-weight: 400;\"> permet aux gestionnaires de :<\/span><\/p><ul><li style=\"font-weight: 400;\" aria-level=\"1\"><span style=\"font-weight: 400;\">Adopter et mod\u00e9liser un comportement professionnel et int\u00e8gre;<\/span><\/li><li style=\"font-weight: 400;\" aria-level=\"1\"><span style=\"font-weight: 400;\">Encourager la responsabilisation et l\u2019engagement au sein des \u00e9quipes;<\/span><\/li><li style=\"font-weight: 400;\" aria-level=\"1\"><span style=\"font-weight: 400;\">S\u2019adapter et diriger avec assurance dans les p\u00e9riodes de changement;<\/span><\/li><li style=\"font-weight: 400;\" aria-level=\"1\"><span style=\"font-weight: 400;\">Instaurer une culture d\u2019am\u00e9lioration continue et de s\u00e9curit\u00e9 psychologique;<\/span><\/li><li style=\"font-weight: 400;\" aria-level=\"1\"><span style=\"font-weight: 400;\">Favoriser une collaboration inclusive et porteuse de sens.<\/span><\/li><\/ul>\t\t\t\t\t\t\t\t<\/div>\n\t\t\t\t<\/div>\n\t\t\t\t<div class=\"elementor-element elementor-element-9bf20ba elementor-widget elementor-widget-heading\" data-id=\"9bf20ba\" data-element_type=\"widget\" data-e-type=\"widget\" data-widget_type=\"heading.default\">\n\t\t\t\t<div class=\"elementor-widget-container\">\n\t\t\t\t\t<h2 class=\"elementor-heading-title elementor-size-default\">Cat\u00e9gories de comp\u00e9tences<\/h2>\t\t\t\t<\/div>\n\t\t\t\t<\/div>\n\t\t\t\t<div class=\"elementor-element elementor-element-ca7eb61 elementor-widget elementor-widget-text-editor\" data-id=\"ca7eb61\" data-element_type=\"widget\" data-e-type=\"widget\" data-widget_type=\"text-editor.default\">\n\t\t\t\t<div class=\"elementor-widget-container\">\n\t\t\t\t\t\t\t\t\t<p><span style=\"font-weight: 400;\">Chaque domaine de comp\u00e9tence peut \u00eatre divis\u00e9 en <\/span><b>cat\u00e9gories de comp\u00e9tences<\/b><span style=\"font-weight: 400;\"> qui classent les comp\u00e9tences en th\u00e8mes plus sp\u00e9cifiques, ce qui facilite leur \u00e9valuation et leur d\u00e9veloppement.<\/span><\/p><table><tbody><tr><td><p><b>Domaines de comp\u00e9tences<\/b><\/p><\/td><td><p><b>Cat\u00e9gories de comp\u00e9tences<\/b><\/p><\/td><\/tr><tr><td><p><b>A. D\u00e9finir la vision et la strat\u00e9gie<\/b><\/p><p><i><span style=\"font-weight: 400;\">D\u00e9finir la direction vers laquelle convergent les efforts de l\u2019\u00e9quipe, en identifiant et en comprenant les opportunit\u00e9s, les d\u00e9fis et les risques susceptibles d\u2019influencer l\u2019environnement interne et externe de l\u2019organisation. L\u2019\u00e9quipe comprend les contextes interne et externe dans lesquels l\u2019organisation \u00e9volue et est gouvern\u00e9e. Ce domaine de comp\u00e9tence vise \u00e0 influencer strat\u00e9giquement la prise de d\u00e9cision et \u00e0 renforcer sa capacit\u00e9 d\u2019action.<\/span><\/i><\/p><\/td><td><p><span style=\"font-weight: 400;\">A1. D\u00e9finir les orientations, tenir compte du contexte et adopter une pens\u00e9e strat\u00e9gique<\/span><\/p><\/td><\/tr><tr><td rowspan=\"3\"><p><b>B. Assurer l\u2019efficacit\u00e9 organisationnelle<\/b><\/p><p><i><span style=\"font-weight: 400;\">Favoriser la r\u00e9ussite organisationnelle en d\u00e9finissant des orientations claires, en alignant les activit\u00e9s de l\u2019\u00e9quipe sur les objectifs strat\u00e9giques et en prenant des d\u00e9cisions qui produisent des r\u00e9sultats concrets. Gr\u00e2ce \u00e0 la planification et \u00e0 la gestion efficiente des ressources, veiller \u00e0 ce que les t\u00e2ches soient ex\u00e9cut\u00e9es dans les limites \u00e9tablies, tout en exer\u00e7ant un contr\u00f4le sur les op\u00e9rations et les finances. Ce domaine de comp\u00e9tence consiste \u00e0 trouver un \u00e9quilibre entre les besoins des client\u00e8les et les capacit\u00e9s de l\u2019organisation, tout en assurant la qualit\u00e9 des services et l\u2019atteinte des r\u00e9sultats.<\/span><\/i><\/p><\/td><td><p><span style=\"font-weight: 400;\">B2. Concevoir des services efficaces<\/span><\/p><\/td><\/tr><tr><td><p><span style=\"font-weight: 400;\">B3. Planifier et g\u00e9rer les ressources<\/span><\/p><\/td><\/tr><tr><td><p><span style=\"font-weight: 400;\">B4. R\u00e9soudre des probl\u00e8mes et prendre des d\u00e9cisions<\/span><\/p><\/td><\/tr><tr><td><p><b>C. Mobiliser les parties prenantes<\/b><\/p><p><i><span style=\"font-weight: 400;\">Communiquer de mani\u00e8re efficace et diplomate avec une vari\u00e9t\u00e9 de parties prenantes. Favoriser et entretenir des relations positives avec des interlocutrices et interlocuteurs issus de divers horizons.<\/span><\/i><\/p><\/td><td><p><span style=\"font-weight: 400;\">C5. Mobiliser les parties prenantes<\/span><\/p><\/td><\/tr><tr><td rowspan=\"3\"><p><b>D. Exercer un leadership personnel et collectif\u00a0<\/b><\/p><p><i><span style=\"font-weight: 400;\">B\u00e2tir et maintenir une \u00e9quipe hautement performante, notamment par le recrutement, le d\u00e9veloppement et la r\u00e9tention des talents, tout en favorisant l\u2019engagement, la collaboration et la progression professionnelle au sein du groupe. En g\u00e9rant efficacement le changement, en faisant preuve d\u2019int\u00e9grit\u00e9 et en incarnant les valeurs de l\u2019organisation, les gestionnaires cr\u00e9ent un environnement qui valorise l\u2019autonomie, stimule la responsabilisation et soutient la r\u00e9ussite collective.<\/span><\/i><\/p><\/td><td><p><span style=\"font-weight: 400;\">D6. Mobiliser les talents<\/span><\/p><\/td><\/tr><tr><td><p><span style=\"font-weight: 400;\">D7. G\u00e9rer le changement<\/span><\/p><\/td><\/tr><tr><td><p><span style=\"font-weight: 400;\">D8. Faire preuve d\u2019int\u00e9grit\u00e9<\/span><\/p><\/td><\/tr><\/tbody><\/table>\t\t\t\t\t\t\t\t<\/div>\n\t\t\t\t<\/div>\n\t\t\t\t<div class=\"elementor-element elementor-element-9d037c8 elementor-widget elementor-widget-heading\" data-id=\"9d037c8\" data-element_type=\"widget\" data-e-type=\"widget\" data-widget_type=\"heading.default\">\n\t\t\t\t<div class=\"elementor-widget-container\">\n\t\t\t\t\t<h2 class=\"elementor-heading-title elementor-size-default\">Comp\u00e9tences individuelles<\/h2>\t\t\t\t<\/div>\n\t\t\t\t<\/div>\n\t\t\t\t<div class=\"elementor-element elementor-element-7fd7c32 elementor-widget elementor-widget-text-editor\" data-id=\"7fd7c32\" data-element_type=\"widget\" data-e-type=\"widget\" data-widget_type=\"text-editor.default\">\n\t\t\t\t<div class=\"elementor-widget-container\">\n\t\t\t\t\t\t\t\t\t<p><span style=\"font-weight: 400;\">Les <\/span><b>comp\u00e9tences individuelles<\/b><span style=\"font-weight: 400;\"> correspondent aux comportements, habilet\u00e9s, connaissances ou attitudes qu\u2019un\u00b7e gestionnaire est appel\u00e9\u00b7e \u00e0 d\u00e9montrer dans le cadre de ses fonctions. Elles sont regroup\u00e9es selon les huit cat\u00e9gories de comp\u00e9tences.<\/span><\/p>\t\t\t\t\t\t\t\t<\/div>\n\t\t\t\t<\/div>\n\t\t<div class=\"elementor-element elementor-element-7bc5f64 e-con-full e-flex e-con e-child\" data-id=\"7bc5f64\" data-element_type=\"container\" data-e-type=\"container\" data-settings=\"{&quot;background_background&quot;:&quot;classic&quot;}\">\n\t\t\t\t<div class=\"elementor-element elementor-element-4b3ebe7 elementor-widget elementor-widget-heading\" data-id=\"4b3ebe7\" data-element_type=\"widget\" data-e-type=\"widget\" data-widget_type=\"heading.default\">\n\t\t\t\t<div class=\"elementor-widget-container\">\n\t\t\t\t\t<h2 class=\"elementor-heading-title elementor-size-default\">Au-del\u00e0 des comp\u00e9tences : relier les comp\u00e9tences, la personne dans sa globalit\u00e9 et le d\u00e9veloppement de carri\u00e8re<\/h2>\t\t\t\t<\/div>\n\t\t\t\t<\/div>\n\t\t\t\t<div class=\"elementor-element elementor-element-86a6229 elementor-widget elementor-widget-text-editor\" data-id=\"86a6229\" data-element_type=\"widget\" data-e-type=\"widget\" data-widget_type=\"text-editor.default\">\n\t\t\t\t<div class=\"elementor-widget-container\">\n\t\t\t\t\t\t\t\t\t<ul><li style=\"font-weight: 400;\" aria-level=\"1\"><span style=\"font-weight: 400;\">Vous \u00eates bien plus qu\u2019un ensemble de comp\u00e9tences : vous vous pr\u00e9sentez au travail comme une personne enti\u00e8re, tout comme les membres de votre \u00e9quipe. L\u2019Universit\u00e9 de Sherbrooke a d\u00e9velopp\u00e9 une approche permettant de r\u00e9fl\u00e9chir aux habilet\u00e9s sous cet angle holistique. Le mod\u00e8le pr\u00e9sent\u00e9 ci-dessous illustre l\u2019ensemble des attributs qu\u2019une personne met au service de son r\u00f4le, des attributs qui englobent bien plus que les seules comp\u00e9tences sp\u00e9cifiques.<\/span><\/li><\/ul><p><span style=\"font-weight: 400;\">Les ensembles d\u2019attributs pr\u00e9sent\u00e9s dans ce mod\u00e8le sont les suivants :<\/span><\/p><ul><li style=\"font-weight: 400;\" aria-level=\"1\"><i><span style=\"font-weight: 400;\">Savoir<\/span><\/i><span style=\"font-weight: 400;\"> \u2013 Correspond aux connaissances acquises par l\u2019exp\u00e9rience concr\u00e8te ou par les \u00e9tudes, y compris celles qui d\u00e9passent le cadre professionnel.<\/span><\/li><li style=\"font-weight: 400;\" aria-level=\"1\"><i><span style=\"font-weight: 400;\">\u00catre<\/span><\/i><span style=\"font-weight: 400;\"> \u2013 Regroupe les qualit\u00e9s personnelles, telles que la bienveillance, la rigueur ou la curiosit\u00e9, qui se refl\u00e8tent dans la mani\u00e8re d\u2019aborder les t\u00e2ches et d\u2019interagir avec les autres.<\/span><\/li><li style=\"font-weight: 400;\" aria-level=\"1\"><i><span style=\"font-weight: 400;\">Faire<\/span><\/i><span style=\"font-weight: 400;\"> \u2013 D\u00e9signe les habilet\u00e9s \u00e0 poser des actions et \u00e0 mettre en pratique les comp\u00e9tences li\u00e9es au r\u00f4le.<\/span><\/li><li style=\"font-weight: 400;\" aria-level=\"1\"><i><span>Devenir<\/span><\/i><span> \u2013 Fait r\u00e9f\u00e9rence aux intentions de la personne et \u00e0 la mani\u00e8re dont elles peuvent se concr\u00e9tiser dans un contexte en mutation.<\/span><\/li><\/ul>\t\t\t\t\t\t\t\t<\/div>\n\t\t\t\t<\/div>\n\t\t\t\t<div class=\"elementor-element elementor-element-79e606d elementor-widget elementor-widget-image\" data-id=\"79e606d\" data-element_type=\"widget\" data-e-type=\"widget\" data-widget_type=\"image.default\">\n\t\t\t\t<div class=\"elementor-widget-container\">\n\t\t\t\t\t\t\t\t\t\t\t\t\t\t\t<img decoding=\"async\" width=\"232\" height=\"309\" src=\"https:\/\/learningcentre.ccdf.ca\/wp-content\/uploads\/2026\/04\/comp-fr.webp\" class=\"attachment-large size-large wp-image-27360\" alt=\"\" srcset=\"https:\/\/learningcentre.ccdf.ca\/wp-content\/uploads\/2026\/04\/comp-fr.webp 232w, https:\/\/learningcentre.ccdf.ca\/wp-content\/uploads\/2026\/04\/comp-fr-225x300.webp 225w\" sizes=\"(max-width: 232px) 100vw, 232px\" \/>\t\t\t\t\t\t\t\t\t\t\t\t\t\t\t<\/div>\n\t\t\t\t<\/div>\n\t\t\t\t<\/div>\n\t\t\t\t\t<\/div>\n\t\t\t\t<\/div>\n\t\t\t\t<\/div>\n\t\t","protected":false},"excerpt":{"rendered":"<p>Les gestionnaires ou responsables \u0153uvrant en d\u00e9veloppement de carri\u00e8re reconnaissent que l\u2019impact du secteur d\u00e9passe le niveau individuel, pour englober les familles, les communaut\u00e9s et l\u2019\u00e9conomie dans son ensemble. Ces [&hellip;]<\/p>\n","protected":false},"author":10,"featured_media":0,"parent":0,"menu_order":0,"comment_status":"closed","ping_status":"closed","template":"elementor_header_footer","meta":{"_acf_changed":false,"footnotes":""},"page-category":[],"class_list":["post-7402","page","type-page","status-publish","hentry"],"acf":[],"_links":{"self":[{"href":"https:\/\/learningcentre.ccdf.ca\/fr\/wp-json\/wp\/v2\/pages\/7402","targetHints":{"allow":["GET"]}}],"collection":[{"href":"https:\/\/learningcentre.ccdf.ca\/fr\/wp-json\/wp\/v2\/pages"}],"about":[{"href":"https:\/\/learningcentre.ccdf.ca\/fr\/wp-json\/wp\/v2\/types\/page"}],"author":[{"embeddable":true,"href":"https:\/\/learningcentre.ccdf.ca\/fr\/wp-json\/wp\/v2\/users\/10"}],"replies":[{"embeddable":true,"href":"https:\/\/learningcentre.ccdf.ca\/fr\/wp-json\/wp\/v2\/comments?post=7402"}],"version-history":[{"count":5,"href":"https:\/\/learningcentre.ccdf.ca\/fr\/wp-json\/wp\/v2\/pages\/7402\/revisions"}],"predecessor-version":[{"id":27364,"href":"https:\/\/learningcentre.ccdf.ca\/fr\/wp-json\/wp\/v2\/pages\/7402\/revisions\/27364"}],"wp:attachment":[{"href":"https:\/\/learningcentre.ccdf.ca\/fr\/wp-json\/wp\/v2\/media?parent=7402"}],"wp:term":[{"taxonomy":"page-category","embeddable":true,"href":"https:\/\/learningcentre.ccdf.ca\/fr\/wp-json\/wp\/v2\/page-category?post=7402"}],"curies":[{"name":"wp","href":"https:\/\/api.w.org\/{rel}","templated":true}]}}