{"id":7017,"date":"2026-01-16T11:04:38","date_gmt":"2026-01-16T16:04:38","guid":{"rendered":"https:\/\/dev-learning-centre-ccdf.pantheonsite.io\/maximize-your-impact\/improvement-burst-reporting-to-funders-with-impact\/"},"modified":"2026-01-22T16:01:44","modified_gmt":"2026-01-22T21:01:44","slug":"capsule-damelioration-rendre-vos-redditions-de-comptes-percutantes","status":"publish","type":"page","link":"https:\/\/learningcentre.ccdf.ca\/fr\/maximisez-votre-impact\/capsule-damelioration-rendre-vos-redditions-de-comptes-percutantes\/","title":{"rendered":"Capsule d\u2019am\u00e9lioration\u00a0: Rendre vos redditions de comptes percutantes"},"content":{"rendered":"\t\t<div data-elementor-type=\"wp-page\" data-elementor-id=\"7017\" class=\"elementor elementor-7017 elementor-6982\" data-elementor-post-type=\"page\">\n\t\t\t\t<div class=\"elementor-element elementor-element-c7434d8 e-flex e-con-boxed e-con e-parent\" data-id=\"c7434d8\" data-element_type=\"container\" data-e-type=\"container\">\n\t\t\t\t\t<div class=\"e-con-inner\">\n\t\t\t\t<div class=\"elementor-element elementor-element-2d58344 elementor-widget elementor-widget-heading\" data-id=\"2d58344\" data-element_type=\"widget\" data-e-type=\"widget\" data-widget_type=\"heading.default\">\n\t\t\t\t<div class=\"elementor-widget-container\">\n\t\t\t\t\t<h1 class=\"elementor-heading-title elementor-size-default\">Capsule d\u2019am\u00e9lioration\u00a0: Rendre vos redditions de comptes percutantes<\/h1>\t\t\t\t<\/div>\n\t\t\t\t<\/div>\n\t\t\t\t<div class=\"elementor-element elementor-element-2086ca6 elementor-widget elementor-widget-heading\" data-id=\"2086ca6\" data-element_type=\"widget\" data-e-type=\"widget\" data-widget_type=\"heading.default\">\n\t\t\t\t<div class=\"elementor-widget-container\">\n\t\t\t\t\t<h2 class=\"elementor-heading-title elementor-size-default\">De quoi s\u2019agit-il?<\/h2>\t\t\t\t<\/div>\n\t\t\t\t<\/div>\n\t\t\t\t<div class=\"elementor-element elementor-element-78f6f4f elementor-widget elementor-widget-text-editor\" data-id=\"78f6f4f\" data-element_type=\"widget\" data-e-type=\"widget\" data-widget_type=\"text-editor.default\">\n\t\t\t\t<div class=\"elementor-widget-container\">\n\t\t\t\t\t\t\t\t\t<p><span style=\"font-weight: 400;\">Une strat\u00e9gie pour produire des <\/span><b>rapports de reddition de comptes clairs, concis et convaincants<\/b><span style=\"font-weight: 400;\"> \u2014 sans passer des heures \u00e0 tout r\u00e9\u00e9crire.<\/span><\/p>\t\t\t\t\t\t\t\t<\/div>\n\t\t\t\t<\/div>\n\t\t\t\t<div class=\"elementor-element elementor-element-8ab9ec1 elementor-widget elementor-widget-heading\" data-id=\"8ab9ec1\" data-element_type=\"widget\" data-e-type=\"widget\" data-widget_type=\"heading.default\">\n\t\t\t\t<div class=\"elementor-widget-container\">\n\t\t\t\t\t<h2 class=\"elementor-heading-title elementor-size-default\">Pourquoi \u00e7a fonctionne<\/h2>\t\t\t\t<\/div>\n\t\t\t\t<\/div>\n\t\t\t\t<div class=\"elementor-element elementor-element-cf69b02 elementor-widget elementor-widget-text-editor\" data-id=\"cf69b02\" data-element_type=\"widget\" data-e-type=\"widget\" data-widget_type=\"text-editor.default\">\n\t\t\t\t<div class=\"elementor-widget-container\">\n\t\t\t\t\t\t\t\t\t<p><span style=\"font-weight: 400;\">Les bailleurs de fonds veulent voir des r\u00e9sultats, pas seulement des chiffres. Un bon rapport <\/span><b>raconte une histoire,<\/b> <b>met l\u2019accent sur l\u2019impact plut\u00f4t que sur les activit\u00e9s et renforce les relations de financement \u00e0 long terme<\/b><span style=\"font-weight: 400;\">.<\/span><\/p>\t\t\t\t\t\t\t\t<\/div>\n\t\t\t\t<\/div>\n\t\t\t\t<div class=\"elementor-element elementor-element-e19bd0c elementor-widget elementor-widget-heading\" data-id=\"e19bd0c\" data-element_type=\"widget\" data-e-type=\"widget\" data-widget_type=\"heading.default\">\n\t\t\t\t<div class=\"elementor-widget-container\">\n\t\t\t\t\t<h2 class=\"elementor-heading-title elementor-size-default\">R\u00e9flexion : Pourquoi c\u2019est important pour vous<\/h2>\t\t\t\t<\/div>\n\t\t\t\t<\/div>\n\t\t\t\t<div class=\"elementor-element elementor-element-01fdfee elementor-widget elementor-widget-text-editor\" data-id=\"01fdfee\" data-element_type=\"widget\" data-e-type=\"widget\" data-widget_type=\"text-editor.default\">\n\t\t\t\t<div class=\"elementor-widget-container\">\n\t\t\t\t\t\t\t\t\t<p><span style=\"font-weight: 400;\">Avant de mettre en pratique ces strat\u00e9gies de reddition, prenez un moment pour r\u00e9fl\u00e9chir \u00e0 ces questions\u00a0:<\/span><\/p><ul><li style=\"font-weight: 400;\" aria-level=\"1\"><b>Que manque-t-il \u00e0 mes rapports actuels?<\/b><span style=\"font-weight: 400;\"> Sont-ils trop longs ou trop ax\u00e9s sur les donn\u00e9es? Racontent-ils une histoire convaincante?<\/span><\/li><li style=\"font-weight: 400;\" aria-level=\"1\"><b>Qu\u2019est-ce qui m\u2019a emp\u00each\u00e9\u00b7e d\u2019am\u00e9liorer mes rapports par le pass\u00e9?<\/b><span style=\"font-weight: 400;\"> Le manque de temps? L\u2019incertitude quant aux attentes des bailleurs?<\/span><\/li><li style=\"font-weight: 400;\" aria-level=\"1\"><b>Qu\u2019est-ce qui va changer maintenant? <\/b><span>Comment puis-je rendre mes rapports plus engageants tout en les gardant efficaces et simples \u00e0 r\u00e9diger?<\/span><\/li><\/ul>\t\t\t\t\t\t\t\t<\/div>\n\t\t\t\t<\/div>\n\t\t\t\t<div class=\"elementor-element elementor-element-9bf20ba elementor-widget elementor-widget-heading\" data-id=\"9bf20ba\" data-element_type=\"widget\" data-e-type=\"widget\" data-widget_type=\"heading.default\">\n\t\t\t\t<div class=\"elementor-widget-container\">\n\t\t\t\t\t<h2 class=\"elementor-heading-title elementor-size-default\">Comment l\u2019utiliser d\u00e8s maintenant<\/h2>\t\t\t\t<\/div>\n\t\t\t\t<\/div>\n\t\t\t\t<div class=\"elementor-element elementor-element-ca7eb61 elementor-widget elementor-widget-text-editor\" data-id=\"ca7eb61\" data-element_type=\"widget\" data-e-type=\"widget\" data-widget_type=\"text-editor.default\">\n\t\t\t\t<div class=\"elementor-widget-container\">\n\t\t\t\t\t\t\t\t\t<ol><li aria-level=\"1\"><b>Suivre la r\u00e8gle du \u00ab\u20093-2-1\u2009\u00bb\u00a0:<\/b><ul><li aria-level=\"1\"><b>3 r\u00e9sultats cl\u00e9s<\/b><span style=\"font-weight: 400;\"> (Qu\u2019est-ce qui a chang\u00e9 gr\u00e2ce au financement?)<\/span><\/li><li aria-level=\"1\"><b>2 histoires convaincantes<\/b><span style=\"font-weight: 400;\"> (Qui en a b\u00e9n\u00e9fici\u00e9? Comment leur situation s\u2019est-elle am\u00e9lior\u00e9e?)<\/span><\/li><li aria-level=\"1\"><b>1 donn\u00e9e phare<\/b><span style=\"font-weight: 400;\"> (Un indicateur simple que les bailleurs peuvent partager).<\/span><\/li><\/ul><\/li><li aria-level=\"1\"><b>Transformer les bailleurs de fonds en h\u00e9ros\u00a0: <\/b><span>Reliez leur <\/span><b>investissement \u00e0 l\u2019impact<\/b><span>\u00a0:<\/span><ul><li aria-level=\"1\"><span style=\"font-weight: 400;\">Au lieu de <\/span><i><span style=\"font-weight: 400;\">\u00ab\u2009Nous avons aid\u00e9 300\u00a0familles\u2009\u00bb, <\/span><\/i><span style=\"font-weight: 400;\">indiquez <\/span><i><span style=\"font-weight: 400;\">\u00ab\u2009Gr\u00e2ce \u00e0 votre financement, 300 familles ont acc\u00e9d\u00e9 \u00e0 un logement stable.\u2009\u00bb<\/span><\/i><\/li><\/ul><\/li><li aria-level=\"1\"><b>Garder le rapport bref et visuel\u00a0<\/b><span>: Utilisez <\/span><b>des puces, des graphiques et des \u00e9l\u00e9ments mis en \u00e9vidence<\/b><span> pour faciliter la lecture rapide.<\/span><\/li><li aria-level=\"1\"><b>Ajouter une section \u00ab\u2009Prochaines \u00e9tapes\u2009\u00bb<\/b><span> : Montrez comment leur soutien continu permettra de g\u00e9n\u00e9rer un impact futur.<\/span><\/li><li aria-level=\"1\"><b>Envoyer les rapports avant l\u2019\u00e9ch\u00e9ance : <\/b><span>Adopter une approche proactive renforce la confiance et augmente les chances de renouvellement du financement.<\/span><\/li><\/ol>\t\t\t\t\t\t\t\t<\/div>\n\t\t\t\t<\/div>\n\t\t\t\t<div class=\"elementor-element elementor-element-9d037c8 elementor-widget elementor-widget-heading\" data-id=\"9d037c8\" data-element_type=\"widget\" data-e-type=\"widget\" data-widget_type=\"heading.default\">\n\t\t\t\t<div class=\"elementor-widget-container\">\n\t\t\t\t\t<h2 class=\"elementor-heading-title elementor-size-default\">Exemple concret<\/h2>\t\t\t\t<\/div>\n\t\t\t\t<\/div>\n\t\t\t\t<div class=\"elementor-element elementor-element-7fd7c32 elementor-widget elementor-widget-text-editor\" data-id=\"7fd7c32\" data-element_type=\"widget\" data-e-type=\"widget\" data-widget_type=\"text-editor.default\">\n\t\t\t\t<div class=\"elementor-widget-container\">\n\t\t\t\t\t\t\t\t\t<p><span style=\"font-weight: 400;\">Au lieu de\u00a0:<\/span><i><span style=\"font-weight: 400;\"><br \/><\/span><\/i><i><span style=\"font-weight: 400;\">\u00ab\u2009Ce programme a offert des services \u00e0 500\u00a0client\u00b7es.\u2009\u00bb<\/span><\/i><\/p><p><span style=\"font-weight: 400;\">Essayez :<\/span><i><span style=\"font-weight: 400;\"><br \/><\/span><\/i><i><span style=\"font-weight: 400;\">\u00ab\u2009Gr\u00e2ce \u00e0 votre investissement, 500\u00a0personnes ont acquis des comp\u00e9tences professionnelles, et 75\u00a0% ont trouv\u00e9 un emploi en moins de trois mois.\u2009\u00bb<\/span><\/i><\/p>\t\t\t\t\t\t\t\t<\/div>\n\t\t\t\t<\/div>\n\t\t\t\t<div class=\"elementor-element elementor-element-4b3ebe7 elementor-widget elementor-widget-heading\" data-id=\"4b3ebe7\" data-element_type=\"widget\" data-e-type=\"widget\" data-widget_type=\"heading.default\">\n\t\t\t\t<div class=\"elementor-widget-container\">\n\t\t\t\t\t<h2 class=\"elementor-heading-title elementor-size-default\">Pour aller plus loin<\/h2>\t\t\t\t<\/div>\n\t\t\t\t<\/div>\n\t\t\t\t<div class=\"elementor-element elementor-element-86a6229 elementor-widget elementor-widget-text-editor\" data-id=\"86a6229\" data-element_type=\"widget\" data-e-type=\"widget\" data-widget_type=\"text-editor.default\">\n\t\t\t\t<div class=\"elementor-widget-container\">\n\t\t\t\t\t\t\t\t\t<p><span style=\"font-weight: 400;\">Cr\u00e9ez un <\/span><b>gabarit de reddition de comptes<\/b><span style=\"font-weight: 400;\"> qui peut \u00eatre mis \u00e0 jour rapidement, au lieu de repartir de z\u00e9ro chaque fois.<\/span><\/p>\t\t\t\t\t\t\t\t<\/div>\n\t\t\t\t<\/div>\n\t\t\t\t\t<\/div>\n\t\t\t\t<\/div>\n\t\t\t\t<\/div>\n\t\t","protected":false},"excerpt":{"rendered":"<p>De quoi s\u2019agit-il? Une strat\u00e9gie pour produire des rapports de reddition de comptes clairs, concis et convaincants \u2014 sans passer des heures \u00e0 tout r\u00e9\u00e9crire. Pourquoi \u00e7a fonctionne Les bailleurs [&hellip;]<\/p>\n","protected":false},"author":10,"featured_media":0,"parent":7006,"menu_order":0,"comment_status":"closed","ping_status":"closed","template":"elementor_header_footer","meta":{"_acf_changed":false,"footnotes":""},"page-category":[],"class_list":["post-7017","page","type-page","status-publish","hentry"],"acf":[],"_links":{"self":[{"href":"https:\/\/learningcentre.ccdf.ca\/fr\/wp-json\/wp\/v2\/pages\/7017","targetHints":{"allow":["GET"]}}],"collection":[{"href":"https:\/\/learningcentre.ccdf.ca\/fr\/wp-json\/wp\/v2\/pages"}],"about":[{"href":"https:\/\/learningcentre.ccdf.ca\/fr\/wp-json\/wp\/v2\/types\/page"}],"author":[{"embeddable":true,"href":"https:\/\/learningcentre.ccdf.ca\/fr\/wp-json\/wp\/v2\/users\/10"}],"replies":[{"embeddable":true,"href":"https:\/\/learningcentre.ccdf.ca\/fr\/wp-json\/wp\/v2\/comments?post=7017"}],"version-history":[{"count":0,"href":"https:\/\/learningcentre.ccdf.ca\/fr\/wp-json\/wp\/v2\/pages\/7017\/revisions"}],"up":[{"embeddable":true,"href":"https:\/\/learningcentre.ccdf.ca\/fr\/wp-json\/wp\/v2\/pages\/7006"}],"wp:attachment":[{"href":"https:\/\/learningcentre.ccdf.ca\/fr\/wp-json\/wp\/v2\/media?parent=7017"}],"wp:term":[{"taxonomy":"page-category","embeddable":true,"href":"https:\/\/learningcentre.ccdf.ca\/fr\/wp-json\/wp\/v2\/page-category?post=7017"}],"curies":[{"name":"wp","href":"https:\/\/api.w.org\/{rel}","templated":true}]}}