{"id":7015,"date":"2026-01-16T11:01:29","date_gmt":"2026-01-16T16:01:29","guid":{"rendered":"https:\/\/dev-learning-centre-ccdf.pantheonsite.io\/maximize-your-impact\/improvement-burst-staff-development-on-a-budget\/"},"modified":"2026-01-22T15:54:52","modified_gmt":"2026-01-22T20:54:52","slug":"capsule-damelioration-developper-les-competences-du-personnel-avec-un-budget-limite","status":"publish","type":"page","link":"https:\/\/learningcentre.ccdf.ca\/fr\/maximisez-votre-impact\/capsule-damelioration-developper-les-competences-du-personnel-avec-un-budget-limite\/","title":{"rendered":"Capsule d\u2019am\u00e9lioration : D\u00e9velopper les comp\u00e9tences du personnel avec un budget limit\u00e9"},"content":{"rendered":"\t\t<div data-elementor-type=\"wp-page\" data-elementor-id=\"7015\" class=\"elementor elementor-7015 elementor-6984\" data-elementor-post-type=\"page\">\n\t\t\t\t<div class=\"elementor-element elementor-element-c7434d8 e-flex e-con-boxed e-con e-parent\" data-id=\"c7434d8\" data-element_type=\"container\" data-e-type=\"container\">\n\t\t\t\t\t<div class=\"e-con-inner\">\n\t\t\t\t<div class=\"elementor-element elementor-element-2d58344 elementor-widget elementor-widget-heading\" data-id=\"2d58344\" data-element_type=\"widget\" data-e-type=\"widget\" data-widget_type=\"heading.default\">\n\t\t\t\t<div class=\"elementor-widget-container\">\n\t\t\t\t\t<h1 class=\"elementor-heading-title elementor-size-default\">Capsule d\u2019am\u00e9lioration : D\u00e9velopper les comp\u00e9tences du personnel avec un budget limit\u00e9<\/h1>\t\t\t\t<\/div>\n\t\t\t\t<\/div>\n\t\t\t\t<div class=\"elementor-element elementor-element-2086ca6 elementor-widget elementor-widget-heading\" data-id=\"2086ca6\" data-element_type=\"widget\" data-e-type=\"widget\" data-widget_type=\"heading.default\">\n\t\t\t\t<div class=\"elementor-widget-container\">\n\t\t\t\t\t<h2 class=\"elementor-heading-title elementor-size-default\">De quoi s\u2019agit-il?<\/h2>\t\t\t\t<\/div>\n\t\t\t\t<\/div>\n\t\t\t\t<div class=\"elementor-element elementor-element-78f6f4f elementor-widget elementor-widget-text-editor\" data-id=\"78f6f4f\" data-element_type=\"widget\" data-e-type=\"widget\" data-widget_type=\"text-editor.default\">\n\t\t\t\t<div class=\"elementor-widget-container\">\n\t\t\t\t\t\t\t\t\t<p><span style=\"font-weight: 400;\">Une approche cr\u00e9ative du <\/span><b>d\u00e9veloppement professionnel<\/b><span style=\"font-weight: 400;\"> lorsque les ressources financi\u00e8res sont restreintes.<\/span><\/p>\t\t\t\t\t\t\t\t<\/div>\n\t\t\t\t<\/div>\n\t\t\t\t<div class=\"elementor-element elementor-element-8ab9ec1 elementor-widget elementor-widget-heading\" data-id=\"8ab9ec1\" data-element_type=\"widget\" data-e-type=\"widget\" data-widget_type=\"heading.default\">\n\t\t\t\t<div class=\"elementor-widget-container\">\n\t\t\t\t\t<h2 class=\"elementor-heading-title elementor-size-default\">Pourquoi \u00e7a fonctionne<\/h2>\t\t\t\t<\/div>\n\t\t\t\t<\/div>\n\t\t\t\t<div class=\"elementor-element elementor-element-cf69b02 elementor-widget elementor-widget-text-editor\" data-id=\"cf69b02\" data-element_type=\"widget\" data-e-type=\"widget\" data-widget_type=\"text-editor.default\">\n\t\t\t\t<div class=\"elementor-widget-container\">\n\t\t\t\t\t\t\t\t\t<p><span style=\"font-weight: 400;\">Le personnel <\/span><b>souhaite \u00e9voluer<\/b><span style=\"font-weight: 400;\">, mais les formations co\u00fbteuses ne sont pas toujours possibles. <\/span><b>Le partage d\u2019expertise, les microapprentissages et le mentorat<\/b><span style=\"font-weight: 400;\"> offrent des exp\u00e9riences d\u2019apprentissage percutantes <\/span><b>sans engendrer de d\u00e9penses importantes<\/b><span style=\"font-weight: 400;\">.<\/span><\/p>\t\t\t\t\t\t\t\t<\/div>\n\t\t\t\t<\/div>\n\t\t\t\t<div class=\"elementor-element elementor-element-e19bd0c elementor-widget elementor-widget-heading\" data-id=\"e19bd0c\" data-element_type=\"widget\" data-e-type=\"widget\" data-widget_type=\"heading.default\">\n\t\t\t\t<div class=\"elementor-widget-container\">\n\t\t\t\t\t<h2 class=\"elementor-heading-title elementor-size-default\">R\u00e9flexion : Pourquoi c\u2019est important pour vous<\/h2>\t\t\t\t<\/div>\n\t\t\t\t<\/div>\n\t\t\t\t<div class=\"elementor-element elementor-element-01fdfee elementor-widget elementor-widget-text-editor\" data-id=\"01fdfee\" data-element_type=\"widget\" data-e-type=\"widget\" data-widget_type=\"text-editor.default\">\n\t\t\t\t<div class=\"elementor-widget-container\">\n\t\t\t\t\t\t\t\t\t<p><span style=\"font-weight: 400;\">Avant d\u2019explorer des options de d\u00e9veloppement \u00e0 faible co\u00fbt, prenez un moment pour r\u00e9fl\u00e9chir \u00e0 ces questions :<\/span><\/p><ul><li style=\"font-weight: 400;\" aria-level=\"1\"><b>Quels sont les besoins de formation prioritaires de mon personnel?<\/b><span style=\"font-weight: 400;\"> S\u2019agit-il de d\u00e9veloppement de comp\u00e9tences, de leadership ou de formation crois\u00e9e?<\/span><\/li><li style=\"font-weight: 400;\" aria-level=\"1\"><b>Qu\u2019est-ce qui m\u2019a emp\u00each\u00e9\u00b7e, jusqu\u2019ici, de mettre en place des strat\u00e9gies de d\u00e9veloppement peu co\u00fbteuses?<\/b><span style=\"font-weight: 400;\"> Le manque de temps? L\u2019absence de plan structur\u00e9?<\/span><\/li><li style=\"font-weight: 400;\" aria-level=\"1\"><b>Qu\u2019est-ce qui va changer maintenant?<\/b><span> Comment puis-je int\u00e9grer de petites occasions d\u2019apprentissage significatives dans les op\u00e9rations quotidiennes?<\/span><\/li><\/ul>\t\t\t\t\t\t\t\t<\/div>\n\t\t\t\t<\/div>\n\t\t\t\t<div class=\"elementor-element elementor-element-9bf20ba elementor-widget elementor-widget-heading\" data-id=\"9bf20ba\" data-element_type=\"widget\" data-e-type=\"widget\" data-widget_type=\"heading.default\">\n\t\t\t\t<div class=\"elementor-widget-container\">\n\t\t\t\t\t<h2 class=\"elementor-heading-title elementor-size-default\">Comment l\u2019utiliser d\u00e8s maintenant<\/h2>\t\t\t\t<\/div>\n\t\t\t\t<\/div>\n\t\t\t\t<div class=\"elementor-element elementor-element-ca7eb61 elementor-widget elementor-widget-text-editor\" data-id=\"ca7eb61\" data-element_type=\"widget\" data-e-type=\"widget\" data-widget_type=\"text-editor.default\">\n\t\t\t\t<div class=\"elementor-widget-container\">\n\t\t\t\t\t\t\t\t\t<ol><li aria-level=\"1\"><b>Miser sur l\u2019expertise interne <\/b><span style=\"font-weight: 400;\">: Formez des duos pour des mini-s\u00e9ances de formation entre pairs.<\/span><\/li><li style=\"font-weight: 400;\" aria-level=\"1\"><b>Utiliser des formations en ligne gratuites ou peu co\u00fbteuses <\/b><span style=\"font-weight: 400;\">: Des plateformes comme Coursera, LinkedIn Learning ou les webinaires du secteur communautaire offrent du contenu de qualit\u00e9.<\/span><\/li><li style=\"font-weight: 400;\" aria-level=\"1\"><b>Organiser des s\u00e9ances de formation sur l\u2019heure du d\u00eener (\u00ab\u00a0Lunch &amp; Learn\u00a0\u00bb) : <\/b><span style=\"font-weight: 400;\">Invitez les membres de l\u2019\u00e9quipe \u00e0 se relayer pour animer de courtes s\u00e9ances de formation.<\/span><\/li><li style=\"font-weight: 400;\" aria-level=\"1\"><b>Encourager les microapprentissages<\/b><span style=\"font-weight: 400;\"> : Partagez de courtes vid\u00e9os, des balados ou des articles qui se consultent en quelques minutes.<\/span><\/li><li style=\"font-weight: 400;\" aria-level=\"1\"><b>Offrir des occasions de d\u00e9veloppement en leadership<\/b><span> : Confiez des projets stimulants permettant aux membres de l\u2019\u00e9quipe d\u2019assumer de nouvelles responsabilit\u00e9s.<\/span><\/li><\/ol>\t\t\t\t\t\t\t\t<\/div>\n\t\t\t\t<\/div>\n\t\t\t\t<div class=\"elementor-element elementor-element-9d037c8 elementor-widget elementor-widget-heading\" data-id=\"9d037c8\" data-element_type=\"widget\" data-e-type=\"widget\" data-widget_type=\"heading.default\">\n\t\t\t\t<div class=\"elementor-widget-container\">\n\t\t\t\t\t<h2 class=\"elementor-heading-title elementor-size-default\">Exemple concret<\/h2>\t\t\t\t<\/div>\n\t\t\t\t<\/div>\n\t\t\t\t<div class=\"elementor-element elementor-element-7fd7c32 elementor-widget elementor-widget-text-editor\" data-id=\"7fd7c32\" data-element_type=\"widget\" data-e-type=\"widget\" data-widget_type=\"text-editor.default\">\n\t\t\t\t<div class=\"elementor-widget-container\">\n\t\t\t\t\t\t\t\t\t<p><span style=\"font-weight: 400;\">Au lieu de :<\/span><span style=\"font-weight: 400;\"><br \/><\/span><i><span style=\"font-weight: 400;\">\u00ab Nous n\u2019avons pas de budget pour la formation cette ann\u00e9e. \u00bb<\/span><\/i><\/p><p><span style=\"font-weight: 400;\">Essayez :<\/span><span style=\"font-weight: 400;\"><br \/><\/span><i><span style=\"font-weight: 400;\">\u00ab Nous lan\u00e7ons une s\u00e9rie de mini-formations entre pairs o\u00f9 les membres de l\u2019\u00e9quipe pourront partager leur expertise. Sur quel sujet aimerais-tu apprendre ou enseigner? \u00bb<\/span><\/i><\/p>\t\t\t\t\t\t\t\t<\/div>\n\t\t\t\t<\/div>\n\t\t\t\t<div class=\"elementor-element elementor-element-4b3ebe7 elementor-widget elementor-widget-heading\" data-id=\"4b3ebe7\" data-element_type=\"widget\" data-e-type=\"widget\" data-widget_type=\"heading.default\">\n\t\t\t\t<div class=\"elementor-widget-container\">\n\t\t\t\t\t<h2 class=\"elementor-heading-title elementor-size-default\">Pour aller plus loin<\/h2>\t\t\t\t<\/div>\n\t\t\t\t<\/div>\n\t\t\t\t<div class=\"elementor-element elementor-element-86a6229 elementor-widget elementor-widget-text-editor\" data-id=\"86a6229\" data-element_type=\"widget\" data-e-type=\"widget\" data-widget_type=\"text-editor.default\">\n\t\t\t\t<div class=\"elementor-widget-container\">\n\t\t\t\t\t\t\t\t\t<p><span style=\"font-weight: 400;\">Lancez un programme de mentorat o\u00f9 le personnel exp\u00e9riment\u00e9 accompagne les personnes nouvellement arriv\u00e9es dans l\u2019\u00e9quipe.<\/span><\/p>\t\t\t\t\t\t\t\t<\/div>\n\t\t\t\t<\/div>\n\t\t\t\t\t<\/div>\n\t\t\t\t<\/div>\n\t\t\t\t<\/div>\n\t\t","protected":false},"excerpt":{"rendered":"<p>De quoi s\u2019agit-il? Une approche cr\u00e9ative du d\u00e9veloppement professionnel lorsque les ressources financi\u00e8res sont restreintes. Pourquoi \u00e7a fonctionne Le personnel souhaite \u00e9voluer, mais les formations co\u00fbteuses ne sont pas toujours [&hellip;]<\/p>\n","protected":false},"author":10,"featured_media":0,"parent":7006,"menu_order":0,"comment_status":"closed","ping_status":"closed","template":"elementor_header_footer","meta":{"_acf_changed":false,"footnotes":""},"page-category":[],"class_list":["post-7015","page","type-page","status-publish","hentry"],"acf":[],"_links":{"self":[{"href":"https:\/\/learningcentre.ccdf.ca\/fr\/wp-json\/wp\/v2\/pages\/7015","targetHints":{"allow":["GET"]}}],"collection":[{"href":"https:\/\/learningcentre.ccdf.ca\/fr\/wp-json\/wp\/v2\/pages"}],"about":[{"href":"https:\/\/learningcentre.ccdf.ca\/fr\/wp-json\/wp\/v2\/types\/page"}],"author":[{"embeddable":true,"href":"https:\/\/learningcentre.ccdf.ca\/fr\/wp-json\/wp\/v2\/users\/10"}],"replies":[{"embeddable":true,"href":"https:\/\/learningcentre.ccdf.ca\/fr\/wp-json\/wp\/v2\/comments?post=7015"}],"version-history":[{"count":0,"href":"https:\/\/learningcentre.ccdf.ca\/fr\/wp-json\/wp\/v2\/pages\/7015\/revisions"}],"up":[{"embeddable":true,"href":"https:\/\/learningcentre.ccdf.ca\/fr\/wp-json\/wp\/v2\/pages\/7006"}],"wp:attachment":[{"href":"https:\/\/learningcentre.ccdf.ca\/fr\/wp-json\/wp\/v2\/media?parent=7015"}],"wp:term":[{"taxonomy":"page-category","embeddable":true,"href":"https:\/\/learningcentre.ccdf.ca\/fr\/wp-json\/wp\/v2\/page-category?post=7015"}],"curies":[{"name":"wp","href":"https:\/\/api.w.org\/{rel}","templated":true}]}}