{"id":7014,"date":"2026-01-16T10:56:46","date_gmt":"2026-01-16T15:56:46","guid":{"rendered":"https:\/\/dev-learning-centre-ccdf.pantheonsite.io\/maximize-your-impact\/improvement-burst-staff-retention-without-pay-raises\/"},"modified":"2026-01-22T15:51:48","modified_gmt":"2026-01-22T20:51:48","slug":"capsule-damelioration-favoriser-la-retention-du-personnel-sans-augmenter-les-salaires","status":"publish","type":"page","link":"https:\/\/learningcentre.ccdf.ca\/fr\/maximisez-votre-impact\/capsule-damelioration-favoriser-la-retention-du-personnel-sans-augmenter-les-salaires\/","title":{"rendered":"Capsule d\u2019am\u00e9lioration : Favoriser la r\u00e9tention du personnel sans augmenter les salaires"},"content":{"rendered":"\t\t<div data-elementor-type=\"wp-page\" data-elementor-id=\"7014\" class=\"elementor elementor-7014 elementor-6985\" data-elementor-post-type=\"page\">\n\t\t\t\t<div class=\"elementor-element elementor-element-c7434d8 e-flex e-con-boxed e-con e-parent\" data-id=\"c7434d8\" data-element_type=\"container\" data-e-type=\"container\">\n\t\t\t\t\t<div class=\"e-con-inner\">\n\t\t\t\t<div class=\"elementor-element elementor-element-2d58344 elementor-widget elementor-widget-heading\" data-id=\"2d58344\" data-element_type=\"widget\" data-e-type=\"widget\" data-widget_type=\"heading.default\">\n\t\t\t\t<div class=\"elementor-widget-container\">\n\t\t\t\t\t<h1 class=\"elementor-heading-title elementor-size-default\">Capsule d\u2019am\u00e9lioration : Favoriser la r\u00e9tention du personnel sans augmenter les salaires<\/h1>\t\t\t\t<\/div>\n\t\t\t\t<\/div>\n\t\t\t\t<div class=\"elementor-element elementor-element-2086ca6 elementor-widget elementor-widget-heading\" data-id=\"2086ca6\" data-element_type=\"widget\" data-e-type=\"widget\" data-widget_type=\"heading.default\">\n\t\t\t\t<div class=\"elementor-widget-container\">\n\t\t\t\t\t<h2 class=\"elementor-heading-title elementor-size-default\">De quoi s\u2019agit-il?<\/h2>\t\t\t\t<\/div>\n\t\t\t\t<\/div>\n\t\t\t\t<div class=\"elementor-element elementor-element-78f6f4f elementor-widget elementor-widget-text-editor\" data-id=\"78f6f4f\" data-element_type=\"widget\" data-e-type=\"widget\" data-widget_type=\"text-editor.default\">\n\t\t\t\t<div class=\"elementor-widget-container\">\n\t\t\t\t\t\t\t\t\t<p><span style=\"font-weight: 400;\">Un ensemble de strat\u00e9gies non mon\u00e9taires pour <\/span><b>renforcer la r\u00e9tention<\/b><span style=\"font-weight: 400;\"> du personnel et maintenir l\u2019engagement des employ\u00e9\u00b7es comp\u00e9tent\u00b7es, m\u00eame lorsqu\u2019il n\u2019est pas possible d\u2019offrir des augmentations salariales.<\/span><\/p>\t\t\t\t\t\t\t\t<\/div>\n\t\t\t\t<\/div>\n\t\t\t\t<div class=\"elementor-element elementor-element-8ab9ec1 elementor-widget elementor-widget-heading\" data-id=\"8ab9ec1\" data-element_type=\"widget\" data-e-type=\"widget\" data-widget_type=\"heading.default\">\n\t\t\t\t<div class=\"elementor-widget-container\">\n\t\t\t\t\t<h2 class=\"elementor-heading-title elementor-size-default\">Pourquoi \u00e7a fonctionne<\/h2>\t\t\t\t<\/div>\n\t\t\t\t<\/div>\n\t\t\t\t<div class=\"elementor-element elementor-element-cf69b02 elementor-widget elementor-widget-text-editor\" data-id=\"cf69b02\" data-element_type=\"widget\" data-e-type=\"widget\" data-widget_type=\"text-editor.default\">\n\t\t\t\t<div class=\"elementor-widget-container\">\n\t\t\t\t\t\t\t\t\t<p><span style=\"font-weight: 400;\">Les personnes restent dans des emplois o\u00f9 elles se sentent <\/span><b>valoris\u00e9es, soutenues et en mesure de se d\u00e9velopper professionnellement<\/b><span style=\"font-weight: 400;\">. M\u00eame si le salaire compte, <\/span><b>la culture organisationnelle, le leadership et les occasions de d\u00e9veloppement<\/b><span style=\"font-weight: 400;\"> p\u00e8sent souvent plus lourd que les incitatifs financiers.<\/span><\/p>\t\t\t\t\t\t\t\t<\/div>\n\t\t\t\t<\/div>\n\t\t\t\t<div class=\"elementor-element elementor-element-e19bd0c elementor-widget elementor-widget-heading\" data-id=\"e19bd0c\" data-element_type=\"widget\" data-e-type=\"widget\" data-widget_type=\"heading.default\">\n\t\t\t\t<div class=\"elementor-widget-container\">\n\t\t\t\t\t<h2 class=\"elementor-heading-title elementor-size-default\">R\u00e9flexion : Pourquoi c\u2019est important pour vous<\/h2>\t\t\t\t<\/div>\n\t\t\t\t<\/div>\n\t\t\t\t<div class=\"elementor-element elementor-element-01fdfee elementor-widget elementor-widget-text-editor\" data-id=\"01fdfee\" data-element_type=\"widget\" data-e-type=\"widget\" data-widget_type=\"text-editor.default\">\n\t\t\t\t<div class=\"elementor-widget-container\">\n\t\t\t\t\t\t\t\t\t<p><span style=\"font-weight: 400;\">Avant d\u2019essayer ces strat\u00e9gies de r\u00e9tention, prenez un moment pour r\u00e9fl\u00e9chir \u00e0 ces questions :<\/span><\/p><ul><li style=\"font-weight: 400;\" aria-level=\"1\"><b>Qu\u2019est-ce qui motive mon \u00e9quipe au-del\u00e0 du salaire?<\/b><span style=\"font-weight: 400;\"> Le d\u00e9veloppement professionnel? L\u2019autonomie? La reconnaissance? La flexibilit\u00e9?<\/span><\/li><li style=\"font-weight: 400;\" aria-level=\"1\"><b>Qu\u2019est-ce qui m\u2019a emp\u00each\u00e9\u00b7e d\u2019int\u00e9grer des strat\u00e9gies de r\u00e9tention non mon\u00e9taires par le pass\u00e9? <\/b><span style=\"font-weight: 400;\">Ai-je trop mis\u00e9 sur la r\u00e9mun\u00e9ration comme principal levier de motivation?<\/span><\/li><li style=\"font-weight: 400;\" aria-level=\"1\"><b>Qu\u2019est-ce qui va changer maintenant? <\/b><span>Comment puis-je adapter ces approches aux besoins uniques de mon \u00e9quipe?<\/span><\/li><\/ul>\t\t\t\t\t\t\t\t<\/div>\n\t\t\t\t<\/div>\n\t\t\t\t<div class=\"elementor-element elementor-element-9bf20ba elementor-widget elementor-widget-heading\" data-id=\"9bf20ba\" data-element_type=\"widget\" data-e-type=\"widget\" data-widget_type=\"heading.default\">\n\t\t\t\t<div class=\"elementor-widget-container\">\n\t\t\t\t\t<h2 class=\"elementor-heading-title elementor-size-default\">Comment l\u2019utiliser d\u00e8s maintenant<\/h2>\t\t\t\t<\/div>\n\t\t\t\t<\/div>\n\t\t\t\t<div class=\"elementor-element elementor-element-ca7eb61 elementor-widget elementor-widget-text-editor\" data-id=\"ca7eb61\" data-element_type=\"widget\" data-e-type=\"widget\" data-widget_type=\"text-editor.default\">\n\t\t\t\t<div class=\"elementor-widget-container\">\n\t\t\t\t\t\t\t\t\t<ol><li aria-level=\"1\"><b>Accorder de la reconnaissance significative : <\/b><span style=\"font-weight: 400;\">Allez au-del\u00e0 du \u00ab bon travail \u00bb en offrant une reconnaissance pr\u00e9cise et personnalis\u00e9e.<\/span><\/li><li aria-level=\"1\"><b>Offrir des occasions de d\u00e9veloppement\u00a0: <\/b><span style=\"font-weight: 400;\">Proposez des occasions d\u2019apprentissage, m\u00eame avec peu de ressources : mentorat, projets stimulants, formation crois\u00e9e, etc.<\/span><\/li><li aria-level=\"1\"><b>Donner plus d\u2019autonomie : <\/b><span style=\"font-weight: 400;\">Permettez au personnel de prendre des d\u00e9cisions dans le cadre de leurs fonctions. M\u00eame de petits choix peuvent renforcer la motivation.<\/span><\/li><li aria-level=\"1\"><b>Rendre le travail plus flexible : <\/b><span style=\"font-weight: 400;\">Offrez des am\u00e9nagements d\u2019horaire ou des possibilit\u00e9s de t\u00e9l\u00e9travail lorsque possible.<\/span><\/li><li aria-level=\"1\"><b>B\u00e2tir une culture organisationnelle forte : <\/b><span>Investissez dans la coh\u00e9sion d\u2019\u00e9quipe, la reconnaissance entre pairs et un leadership bienveillant.<\/span><\/li><\/ol>\t\t\t\t\t\t\t\t<\/div>\n\t\t\t\t<\/div>\n\t\t\t\t<div class=\"elementor-element elementor-element-9d037c8 elementor-widget elementor-widget-heading\" data-id=\"9d037c8\" data-element_type=\"widget\" data-e-type=\"widget\" data-widget_type=\"heading.default\">\n\t\t\t\t<div class=\"elementor-widget-container\">\n\t\t\t\t\t<h2 class=\"elementor-heading-title elementor-size-default\">Exemple concret<\/h2>\t\t\t\t<\/div>\n\t\t\t\t<\/div>\n\t\t\t\t<div class=\"elementor-element elementor-element-7fd7c32 elementor-widget elementor-widget-text-editor\" data-id=\"7fd7c32\" data-element_type=\"widget\" data-e-type=\"widget\" data-widget_type=\"text-editor.default\">\n\t\t\t\t<div class=\"elementor-widget-container\">\n\t\t\t\t\t\t\t\t\t<p><span style=\"font-weight: 400;\">Au lieu de :<\/span><span style=\"font-weight: 400;\"><br \/><\/span><i><span style=\"font-weight: 400;\">\u00ab Nous ne pouvons pas offrir d\u2019augmentation salariale pour le moment, mais nous appr\u00e9cions ton travail. \u00bb<\/span><\/i><\/p><p><span style=\"font-weight: 400;\">Essayez :<\/span><span style=\"font-weight: 400;\"><br \/><\/span><i><span style=\"font-weight: 400;\">\u00ab Nous reconnaissons ton impact et nous nous engageons \u00e0 soutenir ton d\u00e9veloppement. Explorons ensemble les fa\u00e7ons dont tu pourrais d\u00e9velopper tes comp\u00e9tences ou exercer ton leadership. \u00bb<\/span><\/i><\/p>\t\t\t\t\t\t\t\t<\/div>\n\t\t\t\t<\/div>\n\t\t\t\t<div class=\"elementor-element elementor-element-4b3ebe7 elementor-widget elementor-widget-heading\" data-id=\"4b3ebe7\" data-element_type=\"widget\" data-e-type=\"widget\" data-widget_type=\"heading.default\">\n\t\t\t\t<div class=\"elementor-widget-container\">\n\t\t\t\t\t<h2 class=\"elementor-heading-title elementor-size-default\">Pour aller plus loin<\/h2>\t\t\t\t<\/div>\n\t\t\t\t<\/div>\n\t\t\t\t<div class=\"elementor-element elementor-element-86a6229 elementor-widget elementor-widget-text-editor\" data-id=\"86a6229\" data-element_type=\"widget\" data-e-type=\"widget\" data-widget_type=\"text-editor.default\">\n\t\t\t\t<div class=\"elementor-widget-container\">\n\t\t\t\t\t\t\t\t\t<p><span style=\"font-weight: 400;\">R\u00e9alisez des \u00ab <\/span><b>entretiens de maintien<\/b><span style=\"font-weight: 400;\"> \u00bb \u2014 des discussions pr\u00e9ventives pour comprendre ce qui garde le personnel engag\u00e9 <\/span><b>avant qu\u2019il n\u2019envisage de partir<\/b><span style=\"font-weight: 400;\">.<\/span><\/p>\t\t\t\t\t\t\t\t<\/div>\n\t\t\t\t<\/div>\n\t\t\t\t<div class=\"elementor-element elementor-element-9748f80 elementor-widget elementor-widget-heading\" data-id=\"9748f80\" data-element_type=\"widget\" data-e-type=\"widget\" data-widget_type=\"heading.default\">\n\t\t\t\t<div class=\"elementor-widget-container\">\n\t\t\t\t\t<h2 class=\"elementor-heading-title elementor-size-default\">Lecture int\u00e9ressante<\/h2>\t\t\t\t<\/div>\n\t\t\t\t<\/div>\n\t\t\t\t<div class=\"elementor-element elementor-element-f7e8eac elementor-widget elementor-widget-text-editor\" data-id=\"f7e8eac\" data-element_type=\"widget\" data-e-type=\"widget\" data-widget_type=\"text-editor.default\">\n\t\t\t\t<div class=\"elementor-widget-container\">\n\t\t\t\t\t\t\t\t\t<p><span style=\"font-weight: 400;\">Beverly Kaye &amp; Julie Winkle Giulioni\u2019s (2012) <\/span><b><i>Help Them Grow or Watch Them Go. <\/i><\/b><span style=\"font-weight: 400;\">Berrett-Kohler.<\/span><\/p>\t\t\t\t\t\t\t\t<\/div>\n\t\t\t\t<\/div>\n\t\t\t\t\t<\/div>\n\t\t\t\t<\/div>\n\t\t\t\t<\/div>\n\t\t","protected":false},"excerpt":{"rendered":"<p>De quoi s\u2019agit-il? Un ensemble de strat\u00e9gies non mon\u00e9taires pour renforcer la r\u00e9tention du personnel et maintenir l\u2019engagement des employ\u00e9\u00b7es comp\u00e9tent\u00b7es, m\u00eame lorsqu\u2019il n\u2019est pas possible d\u2019offrir des augmentations salariales. [&hellip;]<\/p>\n","protected":false},"author":10,"featured_media":0,"parent":7006,"menu_order":0,"comment_status":"closed","ping_status":"closed","template":"elementor_header_footer","meta":{"_acf_changed":false,"footnotes":""},"page-category":[],"class_list":["post-7014","page","type-page","status-publish","hentry"],"acf":[],"_links":{"self":[{"href":"https:\/\/learningcentre.ccdf.ca\/fr\/wp-json\/wp\/v2\/pages\/7014","targetHints":{"allow":["GET"]}}],"collection":[{"href":"https:\/\/learningcentre.ccdf.ca\/fr\/wp-json\/wp\/v2\/pages"}],"about":[{"href":"https:\/\/learningcentre.ccdf.ca\/fr\/wp-json\/wp\/v2\/types\/page"}],"author":[{"embeddable":true,"href":"https:\/\/learningcentre.ccdf.ca\/fr\/wp-json\/wp\/v2\/users\/10"}],"replies":[{"embeddable":true,"href":"https:\/\/learningcentre.ccdf.ca\/fr\/wp-json\/wp\/v2\/comments?post=7014"}],"version-history":[{"count":0,"href":"https:\/\/learningcentre.ccdf.ca\/fr\/wp-json\/wp\/v2\/pages\/7014\/revisions"}],"up":[{"embeddable":true,"href":"https:\/\/learningcentre.ccdf.ca\/fr\/wp-json\/wp\/v2\/pages\/7006"}],"wp:attachment":[{"href":"https:\/\/learningcentre.ccdf.ca\/fr\/wp-json\/wp\/v2\/media?parent=7014"}],"wp:term":[{"taxonomy":"page-category","embeddable":true,"href":"https:\/\/learningcentre.ccdf.ca\/fr\/wp-json\/wp\/v2\/page-category?post=7014"}],"curies":[{"name":"wp","href":"https:\/\/api.w.org\/{rel}","templated":true}]}}