{"id":7013,"date":"2026-01-16T10:54:39","date_gmt":"2026-01-16T15:54:39","guid":{"rendered":"https:\/\/dev-learning-centre-ccdf.pantheonsite.io\/maximize-your-impact\/improvement-burst-effective-practice-supervision\/"},"modified":"2026-01-22T15:49:27","modified_gmt":"2026-01-22T20:49:27","slug":"capsule-damelioration-offrir-une-supervision-clinique-efficace","status":"publish","type":"page","link":"https:\/\/learningcentre.ccdf.ca\/fr\/maximisez-votre-impact\/capsule-damelioration-offrir-une-supervision-clinique-efficace\/","title":{"rendered":"Capsule d\u2019am\u00e9lioration : Offrir une supervision clinique efficace"},"content":{"rendered":"\t\t<div data-elementor-type=\"wp-page\" data-elementor-id=\"7013\" class=\"elementor elementor-7013 elementor-6986\" data-elementor-post-type=\"page\">\n\t\t\t\t<div class=\"elementor-element elementor-element-c7434d8 e-flex e-con-boxed e-con e-parent\" data-id=\"c7434d8\" data-element_type=\"container\" data-e-type=\"container\">\n\t\t\t\t\t<div class=\"e-con-inner\">\n\t\t\t\t<div class=\"elementor-element elementor-element-2d58344 elementor-widget elementor-widget-heading\" data-id=\"2d58344\" data-element_type=\"widget\" data-e-type=\"widget\" data-widget_type=\"heading.default\">\n\t\t\t\t<div class=\"elementor-widget-container\">\n\t\t\t\t\t<h1 class=\"elementor-heading-title elementor-size-default\">Capsule d\u2019am\u00e9lioration : Offrir une supervision clinique efficace<\/h1>\t\t\t\t<\/div>\n\t\t\t\t<\/div>\n\t\t\t\t<div class=\"elementor-element elementor-element-2086ca6 elementor-widget elementor-widget-heading\" data-id=\"2086ca6\" data-element_type=\"widget\" data-e-type=\"widget\" data-widget_type=\"heading.default\">\n\t\t\t\t<div class=\"elementor-widget-container\">\n\t\t\t\t\t<h2 class=\"elementor-heading-title elementor-size-default\">De quoi s\u2019agit-il?<\/h2>\t\t\t\t<\/div>\n\t\t\t\t<\/div>\n\t\t\t\t<div class=\"elementor-element elementor-element-78f6f4f elementor-widget elementor-widget-text-editor\" data-id=\"78f6f4f\" data-element_type=\"widget\" data-e-type=\"widget\" data-widget_type=\"text-editor.default\">\n\t\t\t\t<div class=\"elementor-widget-container\">\n\t\t\t\t\t\t\t\t\t<p><span style=\"font-weight: 400;\">Une approche structur\u00e9e, mais flexible, de la supervision qui permet aux membres de l\u2019\u00e9quipe de se sentir soutenu\u00b7es, de se d\u00e9velopper professionnellement et de maintenir une prestation de services de haute qualit\u00e9 \u2014 sans alourdir la charge administrative.<\/span><\/p>\t\t\t\t\t\t\t\t<\/div>\n\t\t\t\t<\/div>\n\t\t\t\t<div class=\"elementor-element elementor-element-8ab9ec1 elementor-widget elementor-widget-heading\" data-id=\"8ab9ec1\" data-element_type=\"widget\" data-e-type=\"widget\" data-widget_type=\"heading.default\">\n\t\t\t\t<div class=\"elementor-widget-container\">\n\t\t\t\t\t<h2 class=\"elementor-heading-title elementor-size-default\">Pourquoi \u00e7a fonctionne<\/h2>\t\t\t\t<\/div>\n\t\t\t\t<\/div>\n\t\t\t\t<div class=\"elementor-element elementor-element-cf69b02 elementor-widget elementor-widget-text-editor\" data-id=\"cf69b02\" data-element_type=\"widget\" data-e-type=\"widget\" data-widget_type=\"text-editor.default\">\n\t\t\t\t<div class=\"elementor-widget-container\">\n\t\t\t\t\t\t\t\t\t<p><span style=\"font-weight: 400;\">Une supervision solide renforce la confiance du personnel, r\u00e9duit l\u2019\u00e9puisement professionnel et am\u00e9liore les r\u00e9sultats pour la client\u00e8le. Mais pour \u00eatre r\u00e9ellement utile, la supervision doit \u00eatre <\/span><b>intentionnelle, pratique et engageante<\/b><span style=\"font-weight: 400;\"> \u2014 pas simplement une r\u00e9union de plus. Cette m\u00e9thode garantit que la supervision constitue un <\/span><b>v\u00e9ritable soutien<\/b><span style=\"font-weight: 400;\"> et qu\u2019elle permet le <\/span><b>d\u00e9veloppement des comp\u00e9tences<\/b><span style=\"font-weight: 400;\">, aidant ainsi le personnel \u00e0 progresser tout en maintenant une charge de travail raisonnable.<\/span><\/p>\t\t\t\t\t\t\t\t<\/div>\n\t\t\t\t<\/div>\n\t\t\t\t<div class=\"elementor-element elementor-element-e19bd0c elementor-widget elementor-widget-heading\" data-id=\"e19bd0c\" data-element_type=\"widget\" data-e-type=\"widget\" data-widget_type=\"heading.default\">\n\t\t\t\t<div class=\"elementor-widget-container\">\n\t\t\t\t\t<h2 class=\"elementor-heading-title elementor-size-default\">R\u00e9flexion : Pourquoi c\u2019est important pour vous<\/h2>\t\t\t\t<\/div>\n\t\t\t\t<\/div>\n\t\t\t\t<div class=\"elementor-element elementor-element-01fdfee elementor-widget elementor-widget-text-editor\" data-id=\"01fdfee\" data-element_type=\"widget\" data-e-type=\"widget\" data-widget_type=\"text-editor.default\">\n\t\t\t\t<div class=\"elementor-widget-container\">\n\t\t\t\t\t\t\t\t\t<p><span style=\"font-weight: 400;\">Avant d\u2019am\u00e9liorer votre approche de supervision, prenez un moment pour r\u00e9fl\u00e9chir \u00e0 ces questions :<\/span><\/p><ul><li style=\"font-weight: 400;\" aria-level=\"1\"><b>Qu\u2019est-ce que je veux accomplir avec mes rencontres de supervision?<\/b><span style=\"font-weight: 400;\"> Est-ce que j\u2019offre actuellement assez de soutien, de r\u00e9troaction et d\u2019occasions de d\u00e9veloppement aux membres de l\u2019\u00e9quipe?<\/span><\/li><li style=\"font-weight: 400;\" aria-level=\"1\"><b>Quels d\u00e9fis ai-je rencontr\u00e9s dans mes supervisions?<\/b><span style=\"font-weight: 400;\"> Est-ce difficile d\u2019obtenir l\u2019engagement, d\u2019assurer une structure ou de concilier la gestion des dossiers avec le d\u00e9veloppement professionnel?<\/span><\/li><li style=\"font-weight: 400;\" aria-level=\"1\"><b>Qu\u2019est-ce qui va changer maintenant? <\/b><span>Comment puis-je rendre ces rencontres de supervision plus efficaces et plus utiles, tant pour moi que pour mon \u00e9quipe?<\/span><\/li><\/ul>\t\t\t\t\t\t\t\t<\/div>\n\t\t\t\t<\/div>\n\t\t\t\t<div class=\"elementor-element elementor-element-9bf20ba elementor-widget elementor-widget-heading\" data-id=\"9bf20ba\" data-element_type=\"widget\" data-e-type=\"widget\" data-widget_type=\"heading.default\">\n\t\t\t\t<div class=\"elementor-widget-container\">\n\t\t\t\t\t<h2 class=\"elementor-heading-title elementor-size-default\">Comment l\u2019utiliser d\u00e8s maintenant <\/h2>\t\t\t\t<\/div>\n\t\t\t\t<\/div>\n\t\t\t\t<div class=\"elementor-element elementor-element-ca7eb61 elementor-widget elementor-widget-text-editor\" data-id=\"ca7eb61\" data-element_type=\"widget\" data-e-type=\"widget\" data-widget_type=\"text-editor.default\">\n\t\t\t\t<div class=\"elementor-widget-container\">\n\t\t\t\t\t\t\t\t\t<ol><li style=\"font-weight: 400;\" aria-level=\"1\"><b>Cr\u00e9er une structure simple et pr\u00e9visible<\/b><span style=\"font-weight: 400;\">\u00a0: La supervision doit \u00eatre coh\u00e9rente et guid\u00e9e par un ordre du jour. Essayez ce format :<\/span><ul><li style=\"font-weight: 400;\" aria-level=\"1\"><i><span style=\"font-weight: 400;\">10 premi\u00e8res minutes : <\/span><\/i><span style=\"font-weight: 400;\">r\u00e9flexion men\u00e9e par le personnel \u2014 ce qui va bien et ce qui est difficile;<\/span><\/li><li style=\"font-weight: 400;\" aria-level=\"1\"><i><span style=\"font-weight: 400;\">10 minutes suivantes : <\/span><\/i><span style=\"font-weight: 400;\">discussion cibl\u00e9e sur un dossier ou un enjeu cl\u00e9;<\/span><\/li><li style=\"font-weight: 400;\" aria-level=\"1\"><i><span style=\"font-weight: 400;\">10 derni\u00e8res minutes : <\/span><\/i><span style=\"font-weight: 400;\">d\u00e9veloppement professionnel \u2014 renforcement des comp\u00e9tences, partage de ressources ou mise en situation.<\/span><\/li><\/ul><\/li><li style=\"font-weight: 400;\" aria-level=\"1\"><b>Encourager le personnel \u00e0 r\u00e9soudre les probl\u00e8mes rencontr\u00e9s\u00a0: <\/b><span style=\"font-weight: 400;\">Au lieu de leur donner toutes les r\u00e9ponses, posez des questions qui guident leur r\u00e9flexion :<\/span><ul><li style=\"font-weight: 400;\" aria-level=\"1\"><i><span style=\"font-weight: 400;\">\u00ab Quelles options as-tu envisag\u00e9es? \u00bb<\/span><\/i><\/li><li style=\"font-weight: 400;\" aria-level=\"1\"><i><span style=\"font-weight: 400;\">\u00ab Quelle petite action pourrais-tu poser? \u00bb<\/span><\/i><\/li><li style=\"font-weight: 400;\" aria-level=\"1\"><i><span style=\"font-weight: 400;\">\u00ab De quel soutien as-tu besoin pour progresser? \u00bb<\/span><\/i><\/li><\/ul><\/li><li style=\"font-weight: 400;\" aria-level=\"1\"><b>Int\u00e9grer de la r\u00e9troaction en temps r\u00e9el :<\/b><span style=\"font-weight: 400;\"> Reconnaissez les forces et offrez imm\u00e9diatement une <\/span><b>r\u00e9troaction orient\u00e9e vers le d\u00e9veloppement professionnel<\/b><span style=\"font-weight: 400;\">, plut\u00f4t que d\u2019attendre les \u00e9valuations formelles.<\/span><\/li><li style=\"font-weight: 400;\" aria-level=\"1\"><b>Utiliser la supervision comme levier de r\u00e9tention : <\/b><span style=\"font-weight: 400;\">Faites-en un espace de d\u00e9veloppement de carri\u00e8re, et non seulement une rencontre de gestion de dossiers. Posez des questions du type :<\/span><ul><li style=\"font-weight: 400;\" aria-level=\"1\"><i><span style=\"font-weight: 400;\">\u00ab Quelles comp\u00e9tences souhaites-tu d\u00e9velopper? \u00bb<\/span><\/i><\/li><li style=\"font-weight: 400;\" aria-level=\"1\"><i><span style=\"font-weight: 400;\">\u00ab Comment pourrions-nous t\u2019aider \u00e0 te sentir plus impliqu\u00e9\u00b7e? \u00bb<\/span><\/i><\/li><\/ul><\/li><li style=\"font-weight: 400;\" aria-level=\"1\"><b>Simplifier la documentation : <\/b><span>\u00a0Utilisez un gabarit d\u2019une page pour consigner les points cl\u00e9s \u2014 \u00e9vitez les longs rapports.<\/span><\/li><\/ol>\t\t\t\t\t\t\t\t<\/div>\n\t\t\t\t<\/div>\n\t\t\t\t<div class=\"elementor-element elementor-element-9d037c8 elementor-widget elementor-widget-heading\" data-id=\"9d037c8\" data-element_type=\"widget\" data-e-type=\"widget\" data-widget_type=\"heading.default\">\n\t\t\t\t<div class=\"elementor-widget-container\">\n\t\t\t\t\t<h2 class=\"elementor-heading-title elementor-size-default\">Exemple concret<\/h2>\t\t\t\t<\/div>\n\t\t\t\t<\/div>\n\t\t\t\t<div class=\"elementor-element elementor-element-7fd7c32 elementor-widget elementor-widget-text-editor\" data-id=\"7fd7c32\" data-element_type=\"widget\" data-e-type=\"widget\" data-widget_type=\"text-editor.default\">\n\t\t\t\t<div class=\"elementor-widget-container\">\n\t\t\t\t\t\t\t\t\t<p><span style=\"font-weight: 400;\">Au lieu de :<\/span><span style=\"font-weight: 400;\"><br \/><\/span><i><span style=\"font-weight: 400;\">\u00ab Examinons ta charge de travail et discutons des d\u00e9fis \u00e0 relever. \u00bb<\/span><\/i><\/p><p><span style=\"font-weight: 400;\">Essayez :<\/span><span style=\"font-weight: 400;\"><br \/><\/span><i><span style=\"font-weight: 400;\">\u00ab Peux-tu me nommer une r\u00e9ussite et un d\u00e9fi que tu as rencontr\u00e9s avec tes client\u00b7es cette semaine? Explorons ensemble une strat\u00e9gie pour relever ce d\u00e9fi. \u00bb<\/span><\/i><\/p>\t\t\t\t\t\t\t\t<\/div>\n\t\t\t\t<\/div>\n\t\t\t\t<div class=\"elementor-element elementor-element-4b3ebe7 elementor-widget elementor-widget-heading\" data-id=\"4b3ebe7\" data-element_type=\"widget\" data-e-type=\"widget\" data-widget_type=\"heading.default\">\n\t\t\t\t<div class=\"elementor-widget-container\">\n\t\t\t\t\t<h2 class=\"elementor-heading-title elementor-size-default\">Pour aller plus loin<\/h2>\t\t\t\t<\/div>\n\t\t\t\t<\/div>\n\t\t\t\t<div class=\"elementor-element elementor-element-86a6229 elementor-widget elementor-widget-text-editor\" data-id=\"86a6229\" data-element_type=\"widget\" data-e-type=\"widget\" data-widget_type=\"text-editor.default\">\n\t\t\t\t<div class=\"elementor-widget-container\">\n\t\t\t\t\t\t\t\t\t<p><span style=\"font-weight: 400;\">Fixez avec chaque membre du personnel un <\/span><b>objectif de d\u00e9veloppement trimestriel<\/b><span style=\"font-weight: 400;\">, que vous aborderez bri\u00e8vement \u00e0 chaque rencontre. Suivez les progr\u00e8s et fixez des petits objectifs interm\u00e9diaires pour maintenir la motivation.<\/span><\/p>\t\t\t\t\t\t\t\t<\/div>\n\t\t\t\t<\/div>\n\t\t\t\t\t<\/div>\n\t\t\t\t<\/div>\n\t\t\t\t<\/div>\n\t\t","protected":false},"excerpt":{"rendered":"<p>De quoi s\u2019agit-il? Une approche structur\u00e9e, mais flexible, de la supervision qui permet aux membres de l\u2019\u00e9quipe de se sentir soutenu\u00b7es, de se d\u00e9velopper professionnellement et de maintenir une prestation [&hellip;]<\/p>\n","protected":false},"author":10,"featured_media":0,"parent":7006,"menu_order":0,"comment_status":"closed","ping_status":"closed","template":"elementor_header_footer","meta":{"_acf_changed":false,"footnotes":""},"page-category":[],"class_list":["post-7013","page","type-page","status-publish","hentry"],"acf":[],"_links":{"self":[{"href":"https:\/\/learningcentre.ccdf.ca\/fr\/wp-json\/wp\/v2\/pages\/7013","targetHints":{"allow":["GET"]}}],"collection":[{"href":"https:\/\/learningcentre.ccdf.ca\/fr\/wp-json\/wp\/v2\/pages"}],"about":[{"href":"https:\/\/learningcentre.ccdf.ca\/fr\/wp-json\/wp\/v2\/types\/page"}],"author":[{"embeddable":true,"href":"https:\/\/learningcentre.ccdf.ca\/fr\/wp-json\/wp\/v2\/users\/10"}],"replies":[{"embeddable":true,"href":"https:\/\/learningcentre.ccdf.ca\/fr\/wp-json\/wp\/v2\/comments?post=7013"}],"version-history":[{"count":0,"href":"https:\/\/learningcentre.ccdf.ca\/fr\/wp-json\/wp\/v2\/pages\/7013\/revisions"}],"up":[{"embeddable":true,"href":"https:\/\/learningcentre.ccdf.ca\/fr\/wp-json\/wp\/v2\/pages\/7006"}],"wp:attachment":[{"href":"https:\/\/learningcentre.ccdf.ca\/fr\/wp-json\/wp\/v2\/media?parent=7013"}],"wp:term":[{"taxonomy":"page-category","embeddable":true,"href":"https:\/\/learningcentre.ccdf.ca\/fr\/wp-json\/wp\/v2\/page-category?post=7013"}],"curies":[{"name":"wp","href":"https:\/\/api.w.org\/{rel}","templated":true}]}}