{"id":7012,"date":"2026-01-16T11:07:04","date_gmt":"2026-01-16T16:07:04","guid":{"rendered":"https:\/\/dev-learning-centre-ccdf.pantheonsite.io\/maximize-your-impact\/improvement-burst-finding-administrative-efficiencies\/"},"modified":"2026-01-22T16:04:35","modified_gmt":"2026-01-22T21:04:35","slug":"capsule-damelioration-optimiser-lefficacite-administrative","status":"publish","type":"page","link":"https:\/\/learningcentre.ccdf.ca\/fr\/maximisez-votre-impact\/capsule-damelioration-optimiser-lefficacite-administrative\/","title":{"rendered":"Capsule d\u2019am\u00e9lioration\u00a0: Optimiser l\u2019efficacit\u00e9 administrative"},"content":{"rendered":"\t\t<div data-elementor-type=\"wp-page\" data-elementor-id=\"7012\" class=\"elementor elementor-7012 elementor-6981\" data-elementor-post-type=\"page\">\n\t\t\t\t<div class=\"elementor-element elementor-element-c7434d8 e-flex e-con-boxed e-con e-parent\" data-id=\"c7434d8\" data-element_type=\"container\" data-e-type=\"container\">\n\t\t\t\t\t<div class=\"e-con-inner\">\n\t\t\t\t<div class=\"elementor-element elementor-element-2d58344 elementor-widget elementor-widget-heading\" data-id=\"2d58344\" data-element_type=\"widget\" data-e-type=\"widget\" data-widget_type=\"heading.default\">\n\t\t\t\t<div class=\"elementor-widget-container\">\n\t\t\t\t\t<h1 class=\"elementor-heading-title elementor-size-default\">Capsule d\u2019am\u00e9lioration\u00a0: Optimiser l\u2019efficacit\u00e9 administrative<\/h1>\t\t\t\t<\/div>\n\t\t\t\t<\/div>\n\t\t\t\t<div class=\"elementor-element elementor-element-2086ca6 elementor-widget elementor-widget-heading\" data-id=\"2086ca6\" data-element_type=\"widget\" data-e-type=\"widget\" data-widget_type=\"heading.default\">\n\t\t\t\t<div class=\"elementor-widget-container\">\n\t\t\t\t\t<h2 class=\"elementor-heading-title elementor-size-default\">De quoi s\u2019agit-il?<\/h2>\t\t\t\t<\/div>\n\t\t\t\t<\/div>\n\t\t\t\t<div class=\"elementor-element elementor-element-78f6f4f elementor-widget elementor-widget-text-editor\" data-id=\"78f6f4f\" data-element_type=\"widget\" data-e-type=\"widget\" data-widget_type=\"text-editor.default\">\n\t\t\t\t<div class=\"elementor-widget-container\">\n\t\t\t\t\t\t\t\t\t<p><span style=\"font-weight: 400;\">Une m\u00e9thode pour <\/span><b>r\u00e9duire la charge administrative<\/b><span style=\"font-weight: 400;\"> afin de consacrer davantage de temps \u00e0 votre mission.<\/span><\/p>\t\t\t\t\t\t\t\t<\/div>\n\t\t\t\t<\/div>\n\t\t\t\t<div class=\"elementor-element elementor-element-8ab9ec1 elementor-widget elementor-widget-heading\" data-id=\"8ab9ec1\" data-element_type=\"widget\" data-e-type=\"widget\" data-widget_type=\"heading.default\">\n\t\t\t\t<div class=\"elementor-widget-container\">\n\t\t\t\t\t<h2 class=\"elementor-heading-title elementor-size-default\">Pourquoi \u00e7a fonctionne<\/h2>\t\t\t\t<\/div>\n\t\t\t\t<\/div>\n\t\t\t\t<div class=\"elementor-element elementor-element-cf69b02 elementor-widget elementor-widget-text-editor\" data-id=\"cf69b02\" data-element_type=\"widget\" data-e-type=\"widget\" data-widget_type=\"text-editor.default\">\n\t\t\t\t<div class=\"elementor-widget-container\">\n\t\t\t\t\t\t\t\t\t<p><span style=\"font-weight: 400;\">Les petites inefficacit\u00e9s administratives <\/span><b>s\u2019accumulent rapidement<\/b><span style=\"font-weight: 400;\">. Quelques changements strat\u00e9giques peuvent <\/span><b>simplifier les processus, r\u00e9duire les redondances et am\u00e9liorer la productivit\u00e9<\/b><span style=\"font-weight: 400;\"> \u2014 sans augmenter les co\u00fbts.<\/span><\/p>\t\t\t\t\t\t\t\t<\/div>\n\t\t\t\t<\/div>\n\t\t\t\t<div class=\"elementor-element elementor-element-e19bd0c elementor-widget elementor-widget-heading\" data-id=\"e19bd0c\" data-element_type=\"widget\" data-e-type=\"widget\" data-widget_type=\"heading.default\">\n\t\t\t\t<div class=\"elementor-widget-container\">\n\t\t\t\t\t<h2 class=\"elementor-heading-title elementor-size-default\">R\u00e9flexion : Pourquoi c\u2019est important pour vous<\/h2>\t\t\t\t<\/div>\n\t\t\t\t<\/div>\n\t\t\t\t<div class=\"elementor-element elementor-element-01fdfee elementor-widget elementor-widget-text-editor\" data-id=\"01fdfee\" data-element_type=\"widget\" data-e-type=\"widget\" data-widget_type=\"text-editor.default\">\n\t\t\t\t<div class=\"elementor-widget-container\">\n\t\t\t\t\t\t\t\t\t<p><span style=\"font-weight: 400;\">Avant de mettre en place des am\u00e9liorations, prenez un moment pour r\u00e9fl\u00e9chir \u00e0 ces questions\u00a0:<\/span><\/p><ul><li style=\"font-weight: 400;\" aria-level=\"1\"><b>Quelles t\u00e2ches administratives prennent trop de temps? <\/b><span style=\"font-weight: 400;\">Certains processus pourraient-ils \u00eatre automatis\u00e9s ou simplifi\u00e9s?<\/span><\/li><li style=\"font-weight: 400;\" aria-level=\"1\"><b>Qu\u2019est-ce qui m\u2019a emp\u00each\u00e9\u00b7e jusqu\u2019ici d\u2019optimiser les t\u00e2ches administratives?<\/b><span style=\"font-weight: 400;\"> Ai-je consid\u00e9r\u00e9 ces inefficacit\u00e9s comme in\u00e9vitables? Est-ce que je manque d\u2019outils appropri\u00e9s?<\/span><\/li><li style=\"font-weight: 400;\" aria-level=\"1\"><b>Qu\u2019est-ce qui va changer maintenant?<\/b><span> Comment puis-je introduire de petits changements \u00e0 fort impact pour lib\u00e9rer du temps \u00e0 consacrer \u00e0 notre mission?<\/span><\/li><\/ul>\t\t\t\t\t\t\t\t<\/div>\n\t\t\t\t<\/div>\n\t\t\t\t<div class=\"elementor-element elementor-element-9bf20ba elementor-widget elementor-widget-heading\" data-id=\"9bf20ba\" data-element_type=\"widget\" data-e-type=\"widget\" data-widget_type=\"heading.default\">\n\t\t\t\t<div class=\"elementor-widget-container\">\n\t\t\t\t\t<h2 class=\"elementor-heading-title elementor-size-default\">Comment l\u2019utiliser d\u00e8s maintenant<\/h2>\t\t\t\t<\/div>\n\t\t\t\t<\/div>\n\t\t\t\t<div class=\"elementor-element elementor-element-ca7eb61 elementor-widget elementor-widget-text-editor\" data-id=\"ca7eb61\" data-element_type=\"widget\" data-e-type=\"widget\" data-widget_type=\"text-editor.default\">\n\t\t\t\t<div class=\"elementor-widget-container\">\n\t\t\t\t\t\t\t\t\t<ol><li><b>Identifier les t\u00e2ches r\u00e9p\u00e9titives\u00a0: <\/b><span style=\"font-weight: 400;\">Rep\u00e9rez les t\u00e2ches effectu\u00e9es manuellement de fa\u00e7on r\u00e9currente et qui pourraient \u00eatre automatis\u00e9es ou simplifi\u00e9es (ex.\u00a0: double saisie de donn\u00e9es).<\/span><\/li><li><b>R\u00e9duire les r\u00e9unions inutiles\u00a0: <\/b><span style=\"font-weight: 400;\">Si l\u2019objectif d\u2019une r\u00e9union peut \u00eatre atteint par un courriel ou un document partag\u00e9, annulez-la ou red\u00e9finissez l\u2019objectif et l\u2019ordre du jour pour que la rencontre soit r\u00e9ellement utile \u00e0 toutes les personnes pr\u00e9sentes.<\/span><\/li><li><b>Appliquer une r\u00e8gle de r\u00e9vision unique pour les documents\u00a0: <\/b><span style=\"font-weight: 400;\">Au lieu de r\u00e9viser, envoyer, puis r\u00e9viser \u00e0 nouveau un document, demandez de recevoir tous les commentaires et suggestions en une seule ronde avant de r\u00e9diger la version finale.<\/span><\/li><li><b>Automatiser lorsque possible\u00a0: <\/b><span style=\"font-weight: 400;\">Utilisez des outils comme Google Forms, des applications de planification ou des gabarits simples pour les processus r\u00e9currents.<\/span><\/li><li><b>Simplifier les communications\u00a0: <\/b><span>Remplacez les cha\u00eenes de courriels dispers\u00e9es par un document partag\u00e9 ou une plateforme d\u2019\u00e9quipe (ex.\u00a0: Slack, Asana).<\/span><\/li><\/ol>\t\t\t\t\t\t\t\t<\/div>\n\t\t\t\t<\/div>\n\t\t\t\t<div class=\"elementor-element elementor-element-9d037c8 elementor-widget elementor-widget-heading\" data-id=\"9d037c8\" data-element_type=\"widget\" data-e-type=\"widget\" data-widget_type=\"heading.default\">\n\t\t\t\t<div class=\"elementor-widget-container\">\n\t\t\t\t\t<h2 class=\"elementor-heading-title elementor-size-default\">Exemple concret<\/h2>\t\t\t\t<\/div>\n\t\t\t\t<\/div>\n\t\t\t\t<div class=\"elementor-element elementor-element-7fd7c32 elementor-widget elementor-widget-text-editor\" data-id=\"7fd7c32\" data-element_type=\"widget\" data-e-type=\"widget\" data-widget_type=\"text-editor.default\">\n\t\t\t\t<div class=\"elementor-widget-container\">\n\t\t\t\t\t\t\t\t\t<p><span style=\"font-weight: 400;\">Au lieu de\u00a0:<\/span><span style=\"font-weight: 400;\"><br \/><\/span><i><span style=\"font-weight: 400;\">\u00ab\u2009Nous passons des heures chaque mois \u00e0 consigner manuellement les heures des b\u00e9n\u00e9voles.\u2009\u00bb<\/span><\/i><\/p><p><span style=\"font-weight: 400;\">Essayez\u00a0:<\/span><span style=\"font-weight: 400;\"><br \/><\/span><i><span style=\"font-weight: 400;\">\u00ab\u2009Mettons en place un formulaire Google o\u00f9 les b\u00e9n\u00e9voles d\u00e9clarent eux-m\u00eames leurs heures \u2014 ce qui r\u00e9duira de 50\u00a0% notre temps administratif dans ce dossier.\u2009\u00bb<\/span><\/i><\/p>\t\t\t\t\t\t\t\t<\/div>\n\t\t\t\t<\/div>\n\t\t\t\t<div class=\"elementor-element elementor-element-4b3ebe7 elementor-widget elementor-widget-heading\" data-id=\"4b3ebe7\" data-element_type=\"widget\" data-e-type=\"widget\" data-widget_type=\"heading.default\">\n\t\t\t\t<div class=\"elementor-widget-container\">\n\t\t\t\t\t<h2 class=\"elementor-heading-title elementor-size-default\">Pour aller plus loin<\/h2>\t\t\t\t<\/div>\n\t\t\t\t<\/div>\n\t\t\t\t<div class=\"elementor-element elementor-element-86a6229 elementor-widget elementor-widget-text-editor\" data-id=\"86a6229\" data-element_type=\"widget\" data-e-type=\"widget\" data-widget_type=\"text-editor.default\">\n\t\t\t\t<div class=\"elementor-widget-container\">\n\t\t\t\t\t\t\t\t\t<p><span style=\"font-weight: 400;\">R\u00e9alisez un <\/span><b>\u00ab\u2009audit d\u2019efficacit\u00e9\u2009\u00bb mensuel<\/b><span style=\"font-weight: 400;\">\u00a0: demandez au personnel d\u2019identifier une ou deux t\u00e2ches administratives qui pourraient \u00eatre am\u00e9lior\u00e9es ou \u00e9limin\u00e9es. Notez toutefois que certaines t\u00e2ches procurent une pause n\u00e9cessaire au personnel. Par exemple, passer quelques minutes \u00e0 la photocopieuse peut \u00eatre la seule occasion de se lever, de s\u2019\u00e9loigner de son bureau ou de ne pas \u00eatre en contact direct avec un\u00b7e client\u00b7e<\/span><\/p>\t\t\t\t\t\t\t\t<\/div>\n\t\t\t\t<\/div>\n\t\t\t\t<div class=\"elementor-element elementor-element-99c5453 elementor-widget elementor-widget-heading\" data-id=\"99c5453\" data-element_type=\"widget\" data-e-type=\"widget\" data-widget_type=\"heading.default\">\n\t\t\t\t<div class=\"elementor-widget-container\">\n\t\t\t\t\t<h2 class=\"elementor-heading-title elementor-size-default\">Lecture int\u00e9ressante<\/h2>\t\t\t\t<\/div>\n\t\t\t\t<\/div>\n\t\t\t\t<div class=\"elementor-element elementor-element-f3a0b36 elementor-widget elementor-widget-text-editor\" data-id=\"f3a0b36\" data-element_type=\"widget\" data-e-type=\"widget\" data-widget_type=\"text-editor.default\">\n\t\t\t\t<div class=\"elementor-widget-container\">\n\t\t\t\t\t\t\t\t\t<p><span style=\"font-weight: 400;\">Patrick Lencioni\u2019s (2004) <\/span><b><i>Death by Meeting: A Leadership Fable\u2026About Solving the Most Painful Problem in Business<\/i><\/b><span style=\"font-weight: 400;\">. Jossey-Bass.<\/span><\/p>\t\t\t\t\t\t\t\t<\/div>\n\t\t\t\t<\/div>\n\t\t\t\t\t<\/div>\n\t\t\t\t<\/div>\n\t\t\t\t<\/div>\n\t\t","protected":false},"excerpt":{"rendered":"<p>De quoi s\u2019agit-il? Une m\u00e9thode pour r\u00e9duire la charge administrative afin de consacrer davantage de temps \u00e0 votre mission. Pourquoi \u00e7a fonctionne Les petites inefficacit\u00e9s administratives s\u2019accumulent rapidement. Quelques changements [&hellip;]<\/p>\n","protected":false},"author":10,"featured_media":0,"parent":7006,"menu_order":0,"comment_status":"closed","ping_status":"closed","template":"elementor_header_footer","meta":{"_acf_changed":false,"footnotes":""},"page-category":[],"class_list":["post-7012","page","type-page","status-publish","hentry"],"acf":[],"_links":{"self":[{"href":"https:\/\/learningcentre.ccdf.ca\/fr\/wp-json\/wp\/v2\/pages\/7012","targetHints":{"allow":["GET"]}}],"collection":[{"href":"https:\/\/learningcentre.ccdf.ca\/fr\/wp-json\/wp\/v2\/pages"}],"about":[{"href":"https:\/\/learningcentre.ccdf.ca\/fr\/wp-json\/wp\/v2\/types\/page"}],"author":[{"embeddable":true,"href":"https:\/\/learningcentre.ccdf.ca\/fr\/wp-json\/wp\/v2\/users\/10"}],"replies":[{"embeddable":true,"href":"https:\/\/learningcentre.ccdf.ca\/fr\/wp-json\/wp\/v2\/comments?post=7012"}],"version-history":[{"count":0,"href":"https:\/\/learningcentre.ccdf.ca\/fr\/wp-json\/wp\/v2\/pages\/7012\/revisions"}],"up":[{"embeddable":true,"href":"https:\/\/learningcentre.ccdf.ca\/fr\/wp-json\/wp\/v2\/pages\/7006"}],"wp:attachment":[{"href":"https:\/\/learningcentre.ccdf.ca\/fr\/wp-json\/wp\/v2\/media?parent=7012"}],"wp:term":[{"taxonomy":"page-category","embeddable":true,"href":"https:\/\/learningcentre.ccdf.ca\/fr\/wp-json\/wp\/v2\/page-category?post=7012"}],"curies":[{"name":"wp","href":"https:\/\/api.w.org\/{rel}","templated":true}]}}