{"id":7011,"date":"2026-01-16T11:13:10","date_gmt":"2026-01-16T16:13:10","guid":{"rendered":"https:\/\/dev-learning-centre-ccdf.pantheonsite.io\/maximize-your-impact\/improvement-burst-resolving-staff-conflicts-effectively\/"},"modified":"2026-01-22T16:18:49","modified_gmt":"2026-01-22T21:18:49","slug":"capsule-damelioration-resoudre-efficacement-les-conflits-au-sein-du-personnel","status":"publish","type":"page","link":"https:\/\/learningcentre.ccdf.ca\/fr\/maximisez-votre-impact\/capsule-damelioration-resoudre-efficacement-les-conflits-au-sein-du-personnel\/","title":{"rendered":"Capsule d\u2019am\u00e9lioration\u00a0: R\u00e9soudre efficacement les conflits au sein du personnel"},"content":{"rendered":"\t\t<div data-elementor-type=\"wp-page\" data-elementor-id=\"7011\" class=\"elementor elementor-7011 elementor-6978\" data-elementor-post-type=\"page\">\n\t\t\t\t<div class=\"elementor-element elementor-element-c7434d8 e-flex e-con-boxed e-con e-parent\" data-id=\"c7434d8\" data-element_type=\"container\" data-e-type=\"container\">\n\t\t\t\t\t<div class=\"e-con-inner\">\n\t\t\t\t<div class=\"elementor-element elementor-element-2d58344 elementor-widget elementor-widget-heading\" data-id=\"2d58344\" data-element_type=\"widget\" data-e-type=\"widget\" data-widget_type=\"heading.default\">\n\t\t\t\t<div class=\"elementor-widget-container\">\n\t\t\t\t\t<h1 class=\"elementor-heading-title elementor-size-default\">Capsule d\u2019am\u00e9lioration\u00a0: R\u00e9soudre efficacement les conflits au sein du personnel<\/h1>\t\t\t\t<\/div>\n\t\t\t\t<\/div>\n\t\t\t\t<div class=\"elementor-element elementor-element-2086ca6 elementor-widget elementor-widget-heading\" data-id=\"2086ca6\" data-element_type=\"widget\" data-e-type=\"widget\" data-widget_type=\"heading.default\">\n\t\t\t\t<div class=\"elementor-widget-container\">\n\t\t\t\t\t<h2 class=\"elementor-heading-title elementor-size-default\">De quoi s\u2019agit-il?<\/h2>\t\t\t\t<\/div>\n\t\t\t\t<\/div>\n\t\t\t\t<div class=\"elementor-element elementor-element-78f6f4f elementor-widget elementor-widget-text-editor\" data-id=\"78f6f4f\" data-element_type=\"widget\" data-e-type=\"widget\" data-widget_type=\"text-editor.default\">\n\t\t\t\t<div class=\"elementor-widget-container\">\n\t\t\t\t\t\t\t\t\t<p><span style=\"font-weight: 400;\">Une approche structur\u00e9e et ax\u00e9e sur les solutions pour r\u00e9soudre les <\/span><b>d\u00e9saccords au sein du personnel<\/b><span style=\"font-weight: 400;\"> de fa\u00e7on professionnelle et ainsi maintenir l\u2019harmonie dans l\u2019\u00e9quipe.<\/span><\/p>\t\t\t\t\t\t\t\t<\/div>\n\t\t\t\t<\/div>\n\t\t\t\t<div class=\"elementor-element elementor-element-8ab9ec1 elementor-widget elementor-widget-heading\" data-id=\"8ab9ec1\" data-element_type=\"widget\" data-e-type=\"widget\" data-widget_type=\"heading.default\">\n\t\t\t\t<div class=\"elementor-widget-container\">\n\t\t\t\t\t<h2 class=\"elementor-heading-title elementor-size-default\">Pourquoi \u00e7a fonctionne<\/h2>\t\t\t\t<\/div>\n\t\t\t\t<\/div>\n\t\t\t\t<div class=\"elementor-element elementor-element-cf69b02 elementor-widget elementor-widget-text-editor\" data-id=\"cf69b02\" data-element_type=\"widget\" data-e-type=\"widget\" data-widget_type=\"text-editor.default\">\n\t\t\t\t<div class=\"elementor-widget-container\">\n\t\t\t\t\t\t\t\t\t<p><span style=\"font-weight: 400;\">Ignorer les conflits ne fait qu\u2019alimenter les tensions. Un <\/span><b>processus de r\u00e9solution clair<\/b><span style=\"font-weight: 400;\"> permet aux \u00e9quipes d\u2019<\/span><b>aborder rapidement les enjeux <\/b><span style=\"font-weight: 400;\">et de<\/span><b> progresser<\/b><span style=\"font-weight: 400;\">.<\/span><\/p>\t\t\t\t\t\t\t\t<\/div>\n\t\t\t\t<\/div>\n\t\t\t\t<div class=\"elementor-element elementor-element-e19bd0c elementor-widget elementor-widget-heading\" data-id=\"e19bd0c\" data-element_type=\"widget\" data-e-type=\"widget\" data-widget_type=\"heading.default\">\n\t\t\t\t<div class=\"elementor-widget-container\">\n\t\t\t\t\t<h2 class=\"elementor-heading-title elementor-size-default\">R\u00e9flexion : Pourquoi c\u2019est important pour vous<\/h2>\t\t\t\t<\/div>\n\t\t\t\t<\/div>\n\t\t\t\t<div class=\"elementor-element elementor-element-01fdfee elementor-widget elementor-widget-text-editor\" data-id=\"01fdfee\" data-element_type=\"widget\" data-e-type=\"widget\" data-widget_type=\"text-editor.default\">\n\t\t\t\t<div class=\"elementor-widget-container\">\n\t\t\t\t\t\t\t\t\t<p><span style=\"font-weight: 400;\">Avant d\u2019am\u00e9liorer votre approche de r\u00e9solution de conflits, prenez un moment pour r\u00e9fl\u00e9chir \u00e0 ces questions\u00a0:<\/span><\/p><ul><li style=\"font-weight: 400;\" aria-level=\"1\"><b>Quels d\u00e9fis ai-je rencontr\u00e9s lorsque j\u2019ai d\u00fb r\u00e9soudre des conflits au sein de l\u2019\u00e9quipe?<\/b><span style=\"font-weight: 400;\"> Ai-je eu de la difficult\u00e9 \u00e0 rester neutre, \u00e0 choisir le bon moment ou \u00e0 trouver des solutions constructives?<\/span><\/li><li style=\"font-weight: 400;\" aria-level=\"1\"><b>Qu\u2019est-ce qui m\u2019a emp\u00each\u00e9\u00b7e de r\u00e9soudre efficacement les conflits par le pass\u00e9? <\/b><span style=\"font-weight: 400;\">L\u2019\u00e9vitement? L\u2019absence de processus structur\u00e9? La crainte d\u2019aggraver la situation?<\/span><\/li><li style=\"font-weight: 400;\" aria-level=\"1\"><b>Qu\u2019est-ce qui va changer maintenant?<\/b><span> Comment puis-je appliquer une approche structur\u00e9e et orient\u00e9e vers les solutions pour parvenir \u00e0 des r\u00e9sultats durables?<\/span><\/li><\/ul>\t\t\t\t\t\t\t\t<\/div>\n\t\t\t\t<\/div>\n\t\t\t\t<div class=\"elementor-element elementor-element-9bf20ba elementor-widget elementor-widget-heading\" data-id=\"9bf20ba\" data-element_type=\"widget\" data-e-type=\"widget\" data-widget_type=\"heading.default\">\n\t\t\t\t<div class=\"elementor-widget-container\">\n\t\t\t\t\t<h2 class=\"elementor-heading-title elementor-size-default\">Comment l\u2019utiliser d\u00e8s maintenant<\/h2>\t\t\t\t<\/div>\n\t\t\t\t<\/div>\n\t\t\t\t<div class=\"elementor-element elementor-element-ca7eb61 elementor-widget elementor-widget-text-editor\" data-id=\"ca7eb61\" data-element_type=\"widget\" data-e-type=\"widget\" data-widget_type=\"text-editor.default\">\n\t\t\t\t<div class=\"elementor-widget-container\">\n\t\t\t\t\t\t\t\t\t<ol><li aria-level=\"1\"><b>Aborder rapidement les difficult\u00e9s en priv\u00e9\u00a0<\/b><span style=\"font-weight: 400;\">: Ne laissez pas le ressentiment s\u2019installer.<\/span><\/li><li aria-level=\"1\"><b>Encourager un dialogue ouvert\u00a0<\/b><span style=\"font-weight: 400;\">: Utilisez un langage neutre, comme\u00a0: \u00ab\u2009Aide-moi \u00e0 comprendre ton point de vue.\u2009\u00bb<\/span><\/li><li aria-level=\"1\"><b>Trouver un terrain d\u2019entente<\/b><span style=\"font-weight: 400;\"> : Posez la question\u00a0: \u00ab\u2009Quels sont les points sur lesquels nous sommes d\u2019accord?\u2009\u00bb<\/span><\/li><li aria-level=\"1\"><b>S\u2019entendre sur une solution et assurer un suivi<\/b><span>\u00a0: D\u00e9finissez clairement les prochaines \u00e9tapes et revenez v\u00e9rifier l\u2019avancement.<\/span><\/li><\/ol>\t\t\t\t\t\t\t\t<\/div>\n\t\t\t\t<\/div>\n\t\t\t\t<div class=\"elementor-element elementor-element-4b3ebe7 elementor-widget elementor-widget-heading\" data-id=\"4b3ebe7\" data-element_type=\"widget\" data-e-type=\"widget\" data-widget_type=\"heading.default\">\n\t\t\t\t<div class=\"elementor-widget-container\">\n\t\t\t\t\t<h2 class=\"elementor-heading-title elementor-size-default\">Pour aller plus loin<\/h2>\t\t\t\t<\/div>\n\t\t\t\t<\/div>\n\t\t\t\t<div class=\"elementor-element elementor-element-86a6229 elementor-widget elementor-widget-text-editor\" data-id=\"86a6229\" data-element_type=\"widget\" data-e-type=\"widget\" data-widget_type=\"text-editor.default\">\n\t\t\t\t<div class=\"elementor-widget-container\">\n\t\t\t\t\t\t\t\t\t<p><span style=\"font-weight: 400;\">Offrez une <\/span><b>formation en r\u00e9solution de conflits<\/b><span style=\"font-weight: 400;\"> afin que les membres de l\u2019\u00e9quipe se sentent outill\u00e9\u00b7es pour aborder les enjeux de mani\u00e8re proactive. Ces comp\u00e9tences peuvent \u00e9galement \u00eatre b\u00e9n\u00e9fiques dans les relations avec la client\u00e8le.<\/span><\/p>\t\t\t\t\t\t\t\t<\/div>\n\t\t\t\t<\/div>\n\t\t\t\t\t<\/div>\n\t\t\t\t<\/div>\n\t\t\t\t<\/div>\n\t\t","protected":false},"excerpt":{"rendered":"<p>De quoi s\u2019agit-il? Une approche structur\u00e9e et ax\u00e9e sur les solutions pour r\u00e9soudre les d\u00e9saccords au sein du personnel de fa\u00e7on professionnelle et ainsi maintenir l\u2019harmonie dans l\u2019\u00e9quipe. Pourquoi \u00e7a [&hellip;]<\/p>\n","protected":false},"author":10,"featured_media":0,"parent":7006,"menu_order":0,"comment_status":"closed","ping_status":"closed","template":"elementor_header_footer","meta":{"_acf_changed":false,"footnotes":""},"page-category":[],"class_list":["post-7011","page","type-page","status-publish","hentry"],"acf":[],"_links":{"self":[{"href":"https:\/\/learningcentre.ccdf.ca\/fr\/wp-json\/wp\/v2\/pages\/7011","targetHints":{"allow":["GET"]}}],"collection":[{"href":"https:\/\/learningcentre.ccdf.ca\/fr\/wp-json\/wp\/v2\/pages"}],"about":[{"href":"https:\/\/learningcentre.ccdf.ca\/fr\/wp-json\/wp\/v2\/types\/page"}],"author":[{"embeddable":true,"href":"https:\/\/learningcentre.ccdf.ca\/fr\/wp-json\/wp\/v2\/users\/10"}],"replies":[{"embeddable":true,"href":"https:\/\/learningcentre.ccdf.ca\/fr\/wp-json\/wp\/v2\/comments?post=7011"}],"version-history":[{"count":0,"href":"https:\/\/learningcentre.ccdf.ca\/fr\/wp-json\/wp\/v2\/pages\/7011\/revisions"}],"up":[{"embeddable":true,"href":"https:\/\/learningcentre.ccdf.ca\/fr\/wp-json\/wp\/v2\/pages\/7006"}],"wp:attachment":[{"href":"https:\/\/learningcentre.ccdf.ca\/fr\/wp-json\/wp\/v2\/media?parent=7011"}],"wp:term":[{"taxonomy":"page-category","embeddable":true,"href":"https:\/\/learningcentre.ccdf.ca\/fr\/wp-json\/wp\/v2\/page-category?post=7011"}],"curies":[{"name":"wp","href":"https:\/\/api.w.org\/{rel}","templated":true}]}}